{"id":5206,"date":"2026-04-24T06:15:25","date_gmt":"2026-04-24T06:15:25","guid":{"rendered":"https:\/\/rehabartels-conjar.hr\/?page_id=5206"},"modified":"2026-04-24T06:26:50","modified_gmt":"2026-04-24T06:26:50","slug":"kolica-i-skuteri","status":"publish","type":"page","link":"https:\/\/rehabartels-conjar.hr\/en\/kolica-i-skuteri\/","title":{"rendered":"Kolica i skuteri"},"content":{"rendered":"\t\t<div data-elementor-type=\"wp-page\" data-elementor-id=\"5206\" class=\"elementor elementor-5206\" data-elementor-post-type=\"page\">\n\t\t\t\t\t\t<section class=\"elementor-section elementor-top-section elementor-element elementor-element-79d3da9 elementor-section-boxed elementor-section-height-default elementor-section-height-default\" data-id=\"79d3da9\" data-element_type=\"section\" data-e-type=\"section\" data-settings=\"{&quot;jet_parallax_layout_list&quot;:[{&quot;jet_parallax_layout_image&quot;:{&quot;url&quot;:&quot;&quot;,&quot;id&quot;:&quot;&quot;,&quot;size&quot;:&quot;&quot;},&quot;_id&quot;:&quot;ac3b29c&quot;,&quot;jet_parallax_layout_image_tablet&quot;:{&quot;url&quot;:&quot;&quot;,&quot;id&quot;:&quot;&quot;,&quot;size&quot;:&quot;&quot;},&quot;jet_parallax_layout_image_mobile&quot;:{&quot;url&quot;:&quot;&quot;,&quot;id&quot;:&quot;&quot;,&quot;size&quot;:&quot;&quot;},&quot;jet_parallax_layout_speed&quot;:{&quot;unit&quot;:&quot;%&quot;,&quot;size&quot;:50,&quot;sizes&quot;:[]},&quot;jet_parallax_layout_type&quot;:&quot;scroll&quot;,&quot;jet_parallax_layout_direction&quot;:null,&quot;jet_parallax_layout_fx_direction&quot;:null,&quot;jet_parallax_layout_z_index&quot;:&quot;&quot;,&quot;jet_parallax_layout_bg_x&quot;:50,&quot;jet_parallax_layout_bg_x_tablet&quot;:&quot;&quot;,&quot;jet_parallax_layout_bg_x_mobile&quot;:&quot;&quot;,&quot;jet_parallax_layout_bg_y&quot;:50,&quot;jet_parallax_layout_bg_y_tablet&quot;:&quot;&quot;,&quot;jet_parallax_layout_bg_y_mobile&quot;:&quot;&quot;,&quot;jet_parallax_layout_bg_size&quot;:&quot;auto&quot;,&quot;jet_parallax_layout_bg_size_tablet&quot;:&quot;&quot;,&quot;jet_parallax_layout_bg_size_mobile&quot;:&quot;&quot;,&quot;jet_parallax_layout_animation_prop&quot;:&quot;transform&quot;,&quot;jet_parallax_layout_on&quot;:[&quot;desktop&quot;,&quot;tablet&quot;]}]}\">\n\t\t\t\t\t\t<div class=\"elementor-container elementor-column-gap-default\">\n\t\t\t\t\t<div class=\"elementor-column elementor-col-33 elementor-top-column elementor-element elementor-element-542e0c4\" data-id=\"542e0c4\" data-element_type=\"column\" data-e-type=\"column\">\n\t\t\t<div class=\"elementor-widget-wrap elementor-element-populated\">\n\t\t\t\t\t\t<div class=\"elementor-element elementor-element-d91a597 elementor-position-top elementor-widget elementor-widget-image-box\" data-id=\"d91a597\" data-element_type=\"widget\" data-e-type=\"widget\" data-widget_type=\"image-box.default\">\n\t\t\t\t<div class=\"elementor-widget-container\">\n\t\t\t\t\t<div class=\"elementor-image-box-wrapper\"><figure class=\"elementor-image-box-img\"><a href=\"https:\/\/rehabartels-conjar.hr\/invalidska-kolica\" tabindex=\"-1\"><img fetchpriority=\"high\" decoding=\"async\" width=\"1000\" height=\"1000\" src=\"https:\/\/rehabartels-conjar.hr\/wp-content\/uploads\/2026\/04\/aura.webp\" class=\"attachment-full size-full wp-image-4739\" alt=\"\" srcset=\"https:\/\/rehabartels-conjar.hr\/wp-content\/uploads\/2026\/04\/aura.webp 1000w, https:\/\/rehabartels-conjar.hr\/wp-content\/uploads\/2026\/04\/aura-300x300.webp 300w, https:\/\/rehabartels-conjar.hr\/wp-content\/uploads\/2026\/04\/aura-150x150.webp 150w, https:\/\/rehabartels-conjar.hr\/wp-content\/uploads\/2026\/04\/aura-768x768.webp 768w, https:\/\/rehabartels-conjar.hr\/wp-content\/uploads\/2026\/04\/aura-12x12.webp 12w, https:\/\/rehabartels-conjar.hr\/wp-content\/uploads\/2026\/04\/aura-500x500.webp 500w\" sizes=\"(max-width: 1000px) 100vw, 1000px\" \/><\/a><\/figure><div class=\"elementor-image-box-content\"><h3 class=\"elementor-image-box-title\"><a href=\"https:\/\/rehabartels-conjar.hr\/invalidska-kolica\">Invalidska kolica<\/a><\/h3><p class=\"elementor-image-box-description\">Invalidska kolica u ovoj kategoriji su lagana, udobna i prilagodljiva, napravljena da olak\u0161aju svakodnevno kretanje u raznim situacijama.<\/p><\/div><\/div>\t\t\t\t<\/div>\n\t\t\t\t<\/div>\n\t\t\t\t\t<\/div>\n\t\t<\/div>\n\t\t\t\t<div class=\"elementor-column elementor-col-33 elementor-top-column elementor-element elementor-element-2099bcc\" data-id=\"2099bcc\" data-element_type=\"column\" data-e-type=\"column\">\n\t\t\t<div class=\"elementor-widget-wrap elementor-element-populated\">\n\t\t\t\t\t\t<div class=\"elementor-element elementor-element-c4043f0 elementor-position-top elementor-widget elementor-widget-image-box\" data-id=\"c4043f0\" data-element_type=\"widget\" data-e-type=\"widget\" data-widget_type=\"image-box.default\">\n\t\t\t\t<div class=\"elementor-widget-container\">\n\t\t\t\t\t<div class=\"elementor-image-box-wrapper\"><figure class=\"elementor-image-box-img\"><a href=\"https:\/\/rehabartels-conjar.hr\/elektricna-kolica\/\" tabindex=\"-1\"><img decoding=\"async\" width=\"1000\" height=\"1000\" src=\"https:\/\/rehabartels-conjar.hr\/wp-content\/uploads\/2026\/04\/aura-el.webp\" class=\"attachment-full size-full wp-image-4781\" alt=\"\" srcset=\"https:\/\/rehabartels-conjar.hr\/wp-content\/uploads\/2026\/04\/aura-el.webp 1000w, https:\/\/rehabartels-conjar.hr\/wp-content\/uploads\/2026\/04\/aura-el-300x300.webp 300w, https:\/\/rehabartels-conjar.hr\/wp-content\/uploads\/2026\/04\/aura-el-150x150.webp 150w, https:\/\/rehabartels-conjar.hr\/wp-content\/uploads\/2026\/04\/aura-el-768x768.webp 768w, https:\/\/rehabartels-conjar.hr\/wp-content\/uploads\/2026\/04\/aura-el-12x12.webp 12w, https:\/\/rehabartels-conjar.hr\/wp-content\/uploads\/2026\/04\/aura-el-500x500.webp 500w\" sizes=\"(max-width: 1000px) 100vw, 1000px\" \/><\/a><\/figure><div class=\"elementor-image-box-content\"><h3 class=\"elementor-image-box-title\"><a href=\"https:\/\/rehabartels-conjar.hr\/elektricna-kolica\/\">Elektri\u010dna kolica<\/a><\/h3><p class=\"elementor-image-box-description\">Elektri\u010dna invalidska kolica omogu\u0107uju jednostavno, udobno i samostalno kretanje uz pomo\u0107 motora i baterije, idealno za svakodnevnu upotrebu bez napora.<\/p><\/div><\/div>\t\t\t\t<\/div>\n\t\t\t\t<\/div>\n\t\t\t\t\t<\/div>\n\t\t<\/div>\n\t\t\t\t<div class=\"elementor-column elementor-col-33 elementor-top-column elementor-element elementor-element-72ed39a\" data-id=\"72ed39a\" data-element_type=\"column\" data-e-type=\"column\">\n\t\t\t<div class=\"elementor-widget-wrap elementor-element-populated\">\n\t\t\t\t\t\t<div class=\"elementor-element elementor-element-f098618 elementor-position-top elementor-widget elementor-widget-image-box\" data-id=\"f098618\" data-element_type=\"widget\" data-e-type=\"widget\" data-widget_type=\"image-box.default\">\n\t\t\t\t<div class=\"elementor-widget-container\">\n\t\t\t\t\t<div class=\"elementor-image-box-wrapper\"><figure class=\"elementor-image-box-img\"><a href=\"https:\/\/rehabartels-conjar.hr\/elektricni-pogon-za-kolica\/\" tabindex=\"-1\"><img decoding=\"async\" width=\"1000\" height=\"1000\" src=\"https:\/\/rehabartels-conjar.hr\/wp-content\/uploads\/2026\/04\/antano-trainox-light.webp\" class=\"attachment-full size-full wp-image-4970\" alt=\"\" srcset=\"https:\/\/rehabartels-conjar.hr\/wp-content\/uploads\/2026\/04\/antano-trainox-light.webp 1000w, https:\/\/rehabartels-conjar.hr\/wp-content\/uploads\/2026\/04\/antano-trainox-light-300x300.webp 300w, https:\/\/rehabartels-conjar.hr\/wp-content\/uploads\/2026\/04\/antano-trainox-light-150x150.webp 150w, https:\/\/rehabartels-conjar.hr\/wp-content\/uploads\/2026\/04\/antano-trainox-light-768x768.webp 768w, https:\/\/rehabartels-conjar.hr\/wp-content\/uploads\/2026\/04\/antano-trainox-light-12x12.webp 12w, https:\/\/rehabartels-conjar.hr\/wp-content\/uploads\/2026\/04\/antano-trainox-light-500x500.webp 500w\" sizes=\"(max-width: 1000px) 100vw, 1000px\" \/><\/a><\/figure><div class=\"elementor-image-box-content\"><h3 class=\"elementor-image-box-title\"><a href=\"https:\/\/rehabartels-conjar.hr\/elektricni-pogon-za-kolica\/\">Elektri\u010dni pogon za kolica<\/a><\/h3><p class=\"elementor-image-box-description\">Elektri\u010dni pogoni za kolica jednostavno pretvaraju obi\u010dna invalidska kolica u motorizirana, olak\u0161avaju\u0107i kretanje i pove\u0107avaju\u0107i samostalnost korisnika.<\/p><\/div><\/div>\t\t\t\t<\/div>\n\t\t\t\t<\/div>\n\t\t\t\t\t<\/div>\n\t\t<\/div>\n\t\t\t\t\t<\/div>\n\t\t<\/section>\n\t\t\t\t<section class=\"elementor-section elementor-top-section elementor-element elementor-element-9a73647 elementor-section-boxed elementor-section-height-default elementor-section-height-default\" data-id=\"9a73647\" data-element_type=\"section\" data-e-type=\"section\" data-settings=\"{&quot;jet_parallax_layout_list&quot;:[{&quot;jet_parallax_layout_image&quot;:{&quot;url&quot;:&quot;&quot;,&quot;id&quot;:&quot;&quot;,&quot;size&quot;:&quot;&quot;},&quot;_id&quot;:&quot;ac3b29c&quot;,&quot;jet_parallax_layout_image_tablet&quot;:{&quot;url&quot;:&quot;&quot;,&quot;id&quot;:&quot;&quot;,&quot;size&quot;:&quot;&quot;},&quot;jet_parallax_layout_image_mobile&quot;:{&quot;url&quot;:&quot;&quot;,&quot;id&quot;:&quot;&quot;,&quot;size&quot;:&quot;&quot;},&quot;jet_parallax_layout_speed&quot;:{&quot;unit&quot;:&quot;%&quot;,&quot;size&quot;:50,&quot;sizes&quot;:[]},&quot;jet_parallax_layout_type&quot;:&quot;scroll&quot;,&quot;jet_parallax_layout_direction&quot;:null,&quot;jet_parallax_layout_fx_direction&quot;:null,&quot;jet_parallax_layout_z_index&quot;:&quot;&quot;,&quot;jet_parallax_layout_bg_x&quot;:50,&quot;jet_parallax_layout_bg_x_tablet&quot;:&quot;&quot;,&quot;jet_parallax_layout_bg_x_mobile&quot;:&quot;&quot;,&quot;jet_parallax_layout_bg_y&quot;:50,&quot;jet_parallax_layout_bg_y_tablet&quot;:&quot;&quot;,&quot;jet_parallax_layout_bg_y_mobile&quot;:&quot;&quot;,&quot;jet_parallax_layout_bg_size&quot;:&quot;auto&quot;,&quot;jet_parallax_layout_bg_size_tablet&quot;:&quot;&quot;,&quot;jet_parallax_layout_bg_size_mobile&quot;:&quot;&quot;,&quot;jet_parallax_layout_animation_prop&quot;:&quot;transform&quot;,&quot;jet_parallax_layout_on&quot;:[&quot;desktop&quot;,&quot;tablet&quot;]}]}\">\n\t\t\t\t\t\t<div class=\"elementor-container elementor-column-gap-default\">\n\t\t\t\t\t<div class=\"elementor-column elementor-col-33 elementor-top-column elementor-element elementor-element-e9cc6a4\" data-id=\"e9cc6a4\" data-element_type=\"column\" data-e-type=\"column\">\n\t\t\t<div class=\"elementor-widget-wrap elementor-element-populated\">\n\t\t\t\t\t\t<div class=\"elementor-element elementor-element-f05e62d elementor-position-top elementor-widget elementor-widget-image-box\" data-id=\"f05e62d\" data-element_type=\"widget\" data-e-type=\"widget\" data-widget_type=\"image-box.default\">\n\t\t\t\t<div class=\"elementor-widget-container\">\n\t\t\t\t\t<div class=\"elementor-image-box-wrapper\"><figure class=\"elementor-image-box-img\"><a href=\"https:\/\/rehabartels-conjar.hr\/stolice-za-evakuaciju\/\" tabindex=\"-1\"><img loading=\"lazy\" decoding=\"async\" width=\"1000\" height=\"1000\" src=\"https:\/\/rehabartels-conjar.hr\/wp-content\/uploads\/2026\/04\/lg-evacu-plus-el.jpg\" class=\"attachment-full size-full wp-image-4915\" alt=\"\" srcset=\"https:\/\/rehabartels-conjar.hr\/wp-content\/uploads\/2026\/04\/lg-evacu-plus-el.jpg 1000w, https:\/\/rehabartels-conjar.hr\/wp-content\/uploads\/2026\/04\/lg-evacu-plus-el-300x300.jpg 300w, https:\/\/rehabartels-conjar.hr\/wp-content\/uploads\/2026\/04\/lg-evacu-plus-el-150x150.jpg 150w, https:\/\/rehabartels-conjar.hr\/wp-content\/uploads\/2026\/04\/lg-evacu-plus-el-768x768.jpg 768w, https:\/\/rehabartels-conjar.hr\/wp-content\/uploads\/2026\/04\/lg-evacu-plus-el-12x12.jpg 12w, https:\/\/rehabartels-conjar.hr\/wp-content\/uploads\/2026\/04\/lg-evacu-plus-el-500x500.jpg 500w\" sizes=\"(max-width: 1000px) 100vw, 1000px\" \/><\/a><\/figure><div class=\"elementor-image-box-content\"><h3 class=\"elementor-image-box-title\"><a href=\"https:\/\/rehabartels-conjar.hr\/stolice-za-evakuaciju\/\">Stolice za evakuaciju<\/a><\/h3><p class=\"elementor-image-box-description\">Evakuacijske stolice omogu\u0107uju siguran i jednostavan transport osoba niz (i uz) stepenice u hitnim situacijama, uz stabilnost i lako upravljanje.<\/p><\/div><\/div>\t\t\t\t<\/div>\n\t\t\t\t<\/div>\n\t\t\t\t\t<\/div>\n\t\t<\/div>\n\t\t\t\t<div class=\"elementor-column elementor-col-33 elementor-top-column elementor-element elementor-element-e4f13e4\" data-id=\"e4f13e4\" data-element_type=\"column\" data-e-type=\"column\">\n\t\t\t<div class=\"elementor-widget-wrap\">\n\t\t\t\t\t\t\t<\/div>\n\t\t<\/div>\n\t\t\t\t<div class=\"elementor-column elementor-col-33 elementor-top-column elementor-element elementor-element-948bc5a\" data-id=\"948bc5a\" data-element_type=\"column\" data-e-type=\"column\">\n\t\t\t<div class=\"elementor-widget-wrap\">\n\t\t\t\t\t\t\t<\/div>\n\t\t<\/div>\n\t\t\t\t\t<\/div>\n\t\t<\/section>\n\t\t\t\t<\/div>\n\t\t","protected":false},"excerpt":{"rendered":"<p>Invalidska kolica Invalidska kolica u ovoj kategoriji su lagana, udobna i prilagodljiva, napravljena da olak\u0161aju svakodnevno kretanje u raznim situacijama. Elektri\u010dna kolica Elektri\u010dna invalidska kolica omogu\u0107uju jednostavno, udobno i samostalno kretanje uz pomo\u0107 motora i baterije, idealno za svakodnevnu upotrebu bez napora. Elektri\u010dni pogon za kolica Elektri\u010dni pogoni za kolica jednostavno pretvaraju obi\u010dna invalidska kolica [&hellip;]<\/p>\n","protected":false},"author":1,"featured_media":0,"parent":0,"menu_order":0,"comment_status":"closed","ping_status":"closed","template":"","meta":{"_acf_changed":false,"_exactmetrics_skip_tracking":false,"_exactmetrics_sitenote_active":false,"_exactmetrics_sitenote_note":"","_exactmetrics_sitenote_category":0,"footnotes":""},"class_list":["post-5206","page","type-page","status-publish","hentry"],"acf":[],"aioseo_notices":[],"_links":{"self":[{"href":"https:\/\/rehabartels-conjar.hr\/en\/wp-json\/wp\/v2\/pages\/5206","targetHints":{"allow":["GET"]}}],"collection":[{"href":"https:\/\/rehabartels-conjar.hr\/en\/wp-json\/wp\/v2\/pages"}],"about":[{"href":"https:\/\/rehabartels-conjar.hr\/en\/wp-json\/wp\/v2\/types\/page"}],"author":[{"embeddable":true,"href":"https:\/\/rehabartels-conjar.hr\/en\/wp-json\/wp\/v2\/users\/1"}],"replies":[{"embeddable":true,"href":"https:\/\/rehabartels-conjar.hr\/en\/wp-json\/wp\/v2\/comments?post=5206"}],"version-history":[{"count":19,"href":"https:\/\/rehabartels-conjar.hr\/en\/wp-json\/wp\/v2\/pages\/5206\/revisions"}],"predecessor-version":[{"id":5226,"href":"https:\/\/rehabartels-conjar.hr\/en\/wp-json\/wp\/v2\/pages\/5206\/revisions\/5226"}],"wp:attachment":[{"href":"https:\/\/rehabartels-conjar.hr\/en\/wp-json\/wp\/v2\/media?parent=5206"}],"curies":[{"name":"wp","href":"https:\/\/api.w.org\/{rel}","templated":true}]}}