{"id":5134,"date":"2026-04-23T07:06:49","date_gmt":"2026-04-23T07:06:49","guid":{"rendered":"https:\/\/rehabartels-conjar.hr\/?page_id=5134"},"modified":"2026-04-23T07:39:09","modified_gmt":"2026-04-23T07:39:09","slug":"stolice-za-evakuaciju","status":"publish","type":"page","link":"https:\/\/rehabartels-conjar.hr\/en\/stolice-za-evakuaciju\/","title":{"rendered":"Stolci za evakuaciju"},"content":{"rendered":"\t\t<div data-elementor-type=\"wp-page\" data-elementor-id=\"5134\" class=\"elementor elementor-5134\" data-elementor-post-type=\"page\">\n\t\t\t\t\t\t<section class=\"elementor-section elementor-top-section elementor-element elementor-element-1eeb72e elementor-section-boxed elementor-section-height-default elementor-section-height-default\" data-id=\"1eeb72e\" data-element_type=\"section\" data-e-type=\"section\" data-settings=\"{&quot;jet_parallax_layout_list&quot;:[{&quot;jet_parallax_layout_image&quot;:{&quot;url&quot;:&quot;&quot;,&quot;id&quot;:&quot;&quot;,&quot;size&quot;:&quot;&quot;},&quot;_id&quot;:&quot;ac3b29c&quot;,&quot;jet_parallax_layout_image_tablet&quot;:{&quot;url&quot;:&quot;&quot;,&quot;id&quot;:&quot;&quot;,&quot;size&quot;:&quot;&quot;},&quot;jet_parallax_layout_image_mobile&quot;:{&quot;url&quot;:&quot;&quot;,&quot;id&quot;:&quot;&quot;,&quot;size&quot;:&quot;&quot;},&quot;jet_parallax_layout_speed&quot;:{&quot;unit&quot;:&quot;%&quot;,&quot;size&quot;:50,&quot;sizes&quot;:[]},&quot;jet_parallax_layout_type&quot;:&quot;scroll&quot;,&quot;jet_parallax_layout_direction&quot;:null,&quot;jet_parallax_layout_fx_direction&quot;:null,&quot;jet_parallax_layout_z_index&quot;:&quot;&quot;,&quot;jet_parallax_layout_bg_x&quot;:50,&quot;jet_parallax_layout_bg_x_tablet&quot;:&quot;&quot;,&quot;jet_parallax_layout_bg_x_mobile&quot;:&quot;&quot;,&quot;jet_parallax_layout_bg_y&quot;:50,&quot;jet_parallax_layout_bg_y_tablet&quot;:&quot;&quot;,&quot;jet_parallax_layout_bg_y_mobile&quot;:&quot;&quot;,&quot;jet_parallax_layout_bg_size&quot;:&quot;auto&quot;,&quot;jet_parallax_layout_bg_size_tablet&quot;:&quot;&quot;,&quot;jet_parallax_layout_bg_size_mobile&quot;:&quot;&quot;,&quot;jet_parallax_layout_animation_prop&quot;:&quot;transform&quot;,&quot;jet_parallax_layout_on&quot;:[&quot;desktop&quot;,&quot;tablet&quot;]}]}\">\n\t\t\t\t\t\t<div class=\"elementor-container elementor-column-gap-default\">\n\t\t\t\t\t<div class=\"elementor-column elementor-col-33 elementor-top-column elementor-element elementor-element-e2ab7dd\" data-id=\"e2ab7dd\" data-element_type=\"column\" data-e-type=\"column\">\n\t\t\t<div class=\"elementor-widget-wrap elementor-element-populated\">\n\t\t\t\t\t\t<div class=\"elementor-element elementor-element-1e81a94 elementor-position-top elementor-widget elementor-widget-image-box\" data-id=\"1e81a94\" data-element_type=\"widget\" data-e-type=\"widget\" data-widget_type=\"image-box.default\">\n\t\t\t\t<div class=\"elementor-widget-container\">\n\t\t\t\t\t<div class=\"elementor-image-box-wrapper\"><figure class=\"elementor-image-box-img\"><a href=\"https:\/\/rehabartels-conjar.hr\/elektricna-kolica\/lg-evacu\/\" tabindex=\"-1\"><img fetchpriority=\"high\" decoding=\"async\" width=\"1000\" height=\"1000\" src=\"https:\/\/rehabartels-conjar.hr\/wp-content\/uploads\/2026\/04\/lg-evacu.jpg\" class=\"attachment-full size-full wp-image-4893\" alt=\"\" srcset=\"https:\/\/rehabartels-conjar.hr\/wp-content\/uploads\/2026\/04\/lg-evacu.jpg 1000w, https:\/\/rehabartels-conjar.hr\/wp-content\/uploads\/2026\/04\/lg-evacu-300x300.jpg 300w, https:\/\/rehabartels-conjar.hr\/wp-content\/uploads\/2026\/04\/lg-evacu-150x150.jpg 150w, https:\/\/rehabartels-conjar.hr\/wp-content\/uploads\/2026\/04\/lg-evacu-768x768.jpg 768w, https:\/\/rehabartels-conjar.hr\/wp-content\/uploads\/2026\/04\/lg-evacu-12x12.jpg 12w, https:\/\/rehabartels-conjar.hr\/wp-content\/uploads\/2026\/04\/lg-evacu-500x500.jpg 500w\" sizes=\"(max-width: 1000px) 100vw, 1000px\" \/><\/a><\/figure><div class=\"elementor-image-box-content\"><h3 class=\"elementor-image-box-title\"><a href=\"https:\/\/rehabartels-conjar.hr\/elektricna-kolica\/lg-evacu\/\">LG Evacu<\/a><\/h3><p class=\"elementor-image-box-description\">LG EVACU evakuacijska stolica omogu\u0107uje brzo i sigurno spu\u0161tanje osoba niz stepenice u hitnim situacijama uz lagan i kompaktan dizajn.<\/p><\/div><\/div>\t\t\t\t<\/div>\n\t\t\t\t<\/div>\n\t\t\t\t\t<\/div>\n\t\t<\/div>\n\t\t\t\t<div class=\"elementor-column elementor-col-33 elementor-top-column elementor-element elementor-element-3c5acec\" data-id=\"3c5acec\" data-element_type=\"column\" data-e-type=\"column\">\n\t\t\t<div class=\"elementor-widget-wrap elementor-element-populated\">\n\t\t\t\t\t\t<div class=\"elementor-element elementor-element-d7ec15f elementor-position-top elementor-widget elementor-widget-image-box\" data-id=\"d7ec15f\" data-element_type=\"widget\" data-e-type=\"widget\" data-widget_type=\"image-box.default\">\n\t\t\t\t<div class=\"elementor-widget-container\">\n\t\t\t\t\t<div class=\"elementor-image-box-wrapper\"><figure class=\"elementor-image-box-img\"><a href=\"https:\/\/rehabartels-conjar.hr\/elektricna-kolica\/lg-evacu-plus\/\" tabindex=\"-1\"><img decoding=\"async\" width=\"1000\" height=\"1000\" src=\"https:\/\/rehabartels-conjar.hr\/wp-content\/uploads\/2026\/04\/lg-evacu-plus-el-allungabile.jpg\" class=\"attachment-full size-full wp-image-4905\" alt=\"\" srcset=\"https:\/\/rehabartels-conjar.hr\/wp-content\/uploads\/2026\/04\/lg-evacu-plus-el-allungabile.jpg 1000w, https:\/\/rehabartels-conjar.hr\/wp-content\/uploads\/2026\/04\/lg-evacu-plus-el-allungabile-300x300.jpg 300w, https:\/\/rehabartels-conjar.hr\/wp-content\/uploads\/2026\/04\/lg-evacu-plus-el-allungabile-150x150.jpg 150w, https:\/\/rehabartels-conjar.hr\/wp-content\/uploads\/2026\/04\/lg-evacu-plus-el-allungabile-768x768.jpg 768w, https:\/\/rehabartels-conjar.hr\/wp-content\/uploads\/2026\/04\/lg-evacu-plus-el-allungabile-12x12.jpg 12w, https:\/\/rehabartels-conjar.hr\/wp-content\/uploads\/2026\/04\/lg-evacu-plus-el-allungabile-500x500.jpg 500w\" sizes=\"(max-width: 1000px) 100vw, 1000px\" \/><\/a><\/figure><div class=\"elementor-image-box-content\"><h3 class=\"elementor-image-box-title\"><a href=\"https:\/\/rehabartels-conjar.hr\/elektricna-kolica\/lg-evacu-plus\/\">LG Evacu Plus<\/a><\/h3><p class=\"elementor-image-box-description\">LG EVACU PLUS evakuacijska stolica s gusjenicama omogu\u0107uje siguran i u\u010dinkovit transport osoba niz stepenice u hitnim situacijama.<\/p><\/div><\/div>\t\t\t\t<\/div>\n\t\t\t\t<\/div>\n\t\t\t\t\t<\/div>\n\t\t<\/div>\n\t\t\t\t<div class=\"elementor-column elementor-col-33 elementor-top-column elementor-element elementor-element-6d4230c\" data-id=\"6d4230c\" data-element_type=\"column\" data-e-type=\"column\">\n\t\t\t<div class=\"elementor-widget-wrap elementor-element-populated\">\n\t\t\t\t\t\t<div class=\"elementor-element elementor-element-576f186 elementor-position-top elementor-widget elementor-widget-image-box\" data-id=\"576f186\" data-element_type=\"widget\" data-e-type=\"widget\" data-widget_type=\"image-box.default\">\n\t\t\t\t<div class=\"elementor-widget-container\">\n\t\t\t\t\t<div class=\"elementor-image-box-wrapper\"><figure class=\"elementor-image-box-img\"><a href=\"https:\/\/rehabartels-conjar.hr\/elektricna-kolica\/lg-evacu-plus-el\/\" tabindex=\"-1\"><img decoding=\"async\" width=\"1000\" height=\"1000\" src=\"https:\/\/rehabartels-conjar.hr\/wp-content\/uploads\/2026\/04\/lg-evacu-plus-el.jpg\" class=\"attachment-full size-full wp-image-4915\" alt=\"\" srcset=\"https:\/\/rehabartels-conjar.hr\/wp-content\/uploads\/2026\/04\/lg-evacu-plus-el.jpg 1000w, https:\/\/rehabartels-conjar.hr\/wp-content\/uploads\/2026\/04\/lg-evacu-plus-el-300x300.jpg 300w, https:\/\/rehabartels-conjar.hr\/wp-content\/uploads\/2026\/04\/lg-evacu-plus-el-150x150.jpg 150w, https:\/\/rehabartels-conjar.hr\/wp-content\/uploads\/2026\/04\/lg-evacu-plus-el-768x768.jpg 768w, https:\/\/rehabartels-conjar.hr\/wp-content\/uploads\/2026\/04\/lg-evacu-plus-el-12x12.jpg 12w, https:\/\/rehabartels-conjar.hr\/wp-content\/uploads\/2026\/04\/lg-evacu-plus-el-500x500.jpg 500w\" sizes=\"(max-width: 1000px) 100vw, 1000px\" \/><\/a><\/figure><div class=\"elementor-image-box-content\"><h3 class=\"elementor-image-box-title\"><a href=\"https:\/\/rehabartels-conjar.hr\/elektricna-kolica\/lg-evacu-plus-el\/\">LG Evacu Plus EL<\/a><\/h3><p class=\"elementor-image-box-description\">LG EVACU PLUS EL elektri\u010dna evakuacijska stolica omogu\u0107uje siguran, kontroliran i jednostavan transport osoba uz i niz stepenice zahvaljuju\u0107i sna\u017enom baterijskom pogonu.<\/p><\/div><\/div>\t\t\t\t<\/div>\n\t\t\t\t<\/div>\n\t\t\t\t\t<\/div>\n\t\t<\/div>\n\t\t\t\t\t<\/div>\n\t\t<\/section>\n\t\t\t\t<\/div>\n\t\t","protected":false},"excerpt":{"rendered":"<p>LG Evacu LG EVACU evakuacijska stolica omogu\u0107uje brzo i sigurno spu\u0161tanje osoba niz stepenice u hitnim situacijama uz lagan i kompaktan dizajn. LG Evacu Plus LG EVACU PLUS evakuacijska stolica s gusjenicama omogu\u0107uje siguran i u\u010dinkovit transport osoba niz stepenice u hitnim situacijama. LG Evacu Plus EL LG EVACU PLUS EL elektri\u010dna evakuacijska stolica omogu\u0107uje [&hellip;]<\/p>\n","protected":false},"author":1,"featured_media":0,"parent":0,"menu_order":0,"comment_status":"closed","ping_status":"closed","template":"","meta":{"_acf_changed":false,"_exactmetrics_skip_tracking":false,"_exactmetrics_sitenote_active":false,"_exactmetrics_sitenote_note":"","_exactmetrics_sitenote_category":0,"footnotes":""},"class_list":["post-5134","page","type-page","status-publish","hentry"],"acf":[],"aioseo_notices":[],"_links":{"self":[{"href":"https:\/\/rehabartels-conjar.hr\/en\/wp-json\/wp\/v2\/pages\/5134","targetHints":{"allow":["GET"]}}],"collection":[{"href":"https:\/\/rehabartels-conjar.hr\/en\/wp-json\/wp\/v2\/pages"}],"about":[{"href":"https:\/\/rehabartels-conjar.hr\/en\/wp-json\/wp\/v2\/types\/page"}],"author":[{"embeddable":true,"href":"https:\/\/rehabartels-conjar.hr\/en\/wp-json\/wp\/v2\/users\/1"}],"replies":[{"embeddable":true,"href":"https:\/\/rehabartels-conjar.hr\/en\/wp-json\/wp\/v2\/comments?post=5134"}],"version-history":[{"count":5,"href":"https:\/\/rehabartels-conjar.hr\/en\/wp-json\/wp\/v2\/pages\/5134\/revisions"}],"predecessor-version":[{"id":5172,"href":"https:\/\/rehabartels-conjar.hr\/en\/wp-json\/wp\/v2\/pages\/5134\/revisions\/5172"}],"wp:attachment":[{"href":"https:\/\/rehabartels-conjar.hr\/en\/wp-json\/wp\/v2\/media?parent=5134"}],"curies":[{"name":"wp","href":"https:\/\/api.w.org\/{rel}","templated":true}]}}