{"id":5113,"date":"2026-04-23T06:59:33","date_gmt":"2026-04-23T06:59:33","guid":{"rendered":"https:\/\/rehabartels-conjar.hr\/?page_id=5113"},"modified":"2026-04-23T07:02:19","modified_gmt":"2026-04-23T07:02:19","slug":"elektricni-pogon-za-kolica","status":"publish","type":"page","link":"https:\/\/rehabartels-conjar.hr\/en\/elektricni-pogon-za-kolica\/","title":{"rendered":"Elektri\u010dni pogon za kolica"},"content":{"rendered":"\t\t<div data-elementor-type=\"wp-page\" data-elementor-id=\"5113\" class=\"elementor elementor-5113\" data-elementor-post-type=\"page\">\n\t\t\t\t\t\t<section class=\"elementor-section elementor-top-section elementor-element elementor-element-680dcd2 elementor-section-boxed elementor-section-height-default elementor-section-height-default\" data-id=\"680dcd2\" data-element_type=\"section\" data-e-type=\"section\" data-settings=\"{&quot;jet_parallax_layout_list&quot;:[{&quot;jet_parallax_layout_image&quot;:{&quot;url&quot;:&quot;&quot;,&quot;id&quot;:&quot;&quot;,&quot;size&quot;:&quot;&quot;},&quot;_id&quot;:&quot;ac3b29c&quot;,&quot;jet_parallax_layout_image_tablet&quot;:{&quot;url&quot;:&quot;&quot;,&quot;id&quot;:&quot;&quot;,&quot;size&quot;:&quot;&quot;},&quot;jet_parallax_layout_image_mobile&quot;:{&quot;url&quot;:&quot;&quot;,&quot;id&quot;:&quot;&quot;,&quot;size&quot;:&quot;&quot;},&quot;jet_parallax_layout_speed&quot;:{&quot;unit&quot;:&quot;%&quot;,&quot;size&quot;:50,&quot;sizes&quot;:[]},&quot;jet_parallax_layout_type&quot;:&quot;scroll&quot;,&quot;jet_parallax_layout_direction&quot;:null,&quot;jet_parallax_layout_fx_direction&quot;:null,&quot;jet_parallax_layout_z_index&quot;:&quot;&quot;,&quot;jet_parallax_layout_bg_x&quot;:50,&quot;jet_parallax_layout_bg_x_tablet&quot;:&quot;&quot;,&quot;jet_parallax_layout_bg_x_mobile&quot;:&quot;&quot;,&quot;jet_parallax_layout_bg_y&quot;:50,&quot;jet_parallax_layout_bg_y_tablet&quot;:&quot;&quot;,&quot;jet_parallax_layout_bg_y_mobile&quot;:&quot;&quot;,&quot;jet_parallax_layout_bg_size&quot;:&quot;auto&quot;,&quot;jet_parallax_layout_bg_size_tablet&quot;:&quot;&quot;,&quot;jet_parallax_layout_bg_size_mobile&quot;:&quot;&quot;,&quot;jet_parallax_layout_animation_prop&quot;:&quot;transform&quot;,&quot;jet_parallax_layout_on&quot;:[&quot;desktop&quot;,&quot;tablet&quot;]}]}\">\n\t\t\t\t\t\t<div class=\"elementor-container elementor-column-gap-default\">\n\t\t\t\t\t<div class=\"elementor-column elementor-col-33 elementor-top-column elementor-element elementor-element-a5099ec\" data-id=\"a5099ec\" data-element_type=\"column\" data-e-type=\"column\">\n\t\t\t<div class=\"elementor-widget-wrap elementor-element-populated\">\n\t\t\t\t\t\t<div class=\"elementor-element elementor-element-d353547 elementor-position-top elementor-widget elementor-widget-image-box\" data-id=\"d353547\" data-element_type=\"widget\" data-e-type=\"widget\" data-widget_type=\"image-box.default\">\n\t\t\t\t<div class=\"elementor-widget-container\">\n\t\t\t\t\t<div class=\"elementor-image-box-wrapper\"><figure class=\"elementor-image-box-img\"><a href=\"https:\/\/rehabartels-conjar.hr\/elektricna-kolica\/train-ox\/\" tabindex=\"-1\"><img fetchpriority=\"high\" decoding=\"async\" width=\"848\" height=\"848\" src=\"https:\/\/rehabartels-conjar.hr\/wp-content\/uploads\/2026\/04\/trainox.webp\" class=\"attachment-full size-full wp-image-4950\" alt=\"\" srcset=\"https:\/\/rehabartels-conjar.hr\/wp-content\/uploads\/2026\/04\/trainox.webp 848w, https:\/\/rehabartels-conjar.hr\/wp-content\/uploads\/2026\/04\/trainox-300x300.webp 300w, https:\/\/rehabartels-conjar.hr\/wp-content\/uploads\/2026\/04\/trainox-150x150.webp 150w, https:\/\/rehabartels-conjar.hr\/wp-content\/uploads\/2026\/04\/trainox-768x768.webp 768w, https:\/\/rehabartels-conjar.hr\/wp-content\/uploads\/2026\/04\/trainox-12x12.webp 12w, https:\/\/rehabartels-conjar.hr\/wp-content\/uploads\/2026\/04\/trainox-500x500.webp 500w\" sizes=\"(max-width: 848px) 100vw, 848px\" \/><\/a><\/figure><div class=\"elementor-image-box-content\"><h3 class=\"elementor-image-box-title\"><a href=\"https:\/\/rehabartels-conjar.hr\/elektricna-kolica\/train-ox\/\">Train-Ox<\/a><\/h3><p class=\"elementor-image-box-description\">Prakti\u010dan elektri\u010dni dodatak za invalidska kolica koji u nekoliko sekundi pretvara ru\u010dna kolica u motorizirana za ve\u0107u slobodu kretanja.<\/p><\/div><\/div>\t\t\t\t<\/div>\n\t\t\t\t<\/div>\n\t\t\t\t\t<\/div>\n\t\t<\/div>\n\t\t\t\t<div class=\"elementor-column elementor-col-33 elementor-top-column elementor-element elementor-element-3ca9ec4\" data-id=\"3ca9ec4\" data-element_type=\"column\" data-e-type=\"column\">\n\t\t\t<div class=\"elementor-widget-wrap elementor-element-populated\">\n\t\t\t\t\t\t<div class=\"elementor-element elementor-element-edd0d5b elementor-position-top elementor-widget elementor-widget-image-box\" data-id=\"edd0d5b\" data-element_type=\"widget\" data-e-type=\"widget\" data-widget_type=\"image-box.default\">\n\t\t\t\t<div class=\"elementor-widget-container\">\n\t\t\t\t\t<div class=\"elementor-image-box-wrapper\"><figure class=\"elementor-image-box-img\"><a href=\"https:\/\/rehabartels-conjar.hr\/elektricna-kolica\/train-ox-light\/\" tabindex=\"-1\"><img decoding=\"async\" width=\"1000\" height=\"1000\" src=\"https:\/\/rehabartels-conjar.hr\/wp-content\/uploads\/2026\/04\/antano-trainox-light.webp\" class=\"attachment-full size-full wp-image-4970\" alt=\"\" srcset=\"https:\/\/rehabartels-conjar.hr\/wp-content\/uploads\/2026\/04\/antano-trainox-light.webp 1000w, https:\/\/rehabartels-conjar.hr\/wp-content\/uploads\/2026\/04\/antano-trainox-light-300x300.webp 300w, https:\/\/rehabartels-conjar.hr\/wp-content\/uploads\/2026\/04\/antano-trainox-light-150x150.webp 150w, https:\/\/rehabartels-conjar.hr\/wp-content\/uploads\/2026\/04\/antano-trainox-light-768x768.webp 768w, https:\/\/rehabartels-conjar.hr\/wp-content\/uploads\/2026\/04\/antano-trainox-light-12x12.webp 12w, https:\/\/rehabartels-conjar.hr\/wp-content\/uploads\/2026\/04\/antano-trainox-light-500x500.webp 500w\" sizes=\"(max-width: 1000px) 100vw, 1000px\" \/><\/a><\/figure><div class=\"elementor-image-box-content\"><h3 class=\"elementor-image-box-title\"><a href=\"https:\/\/rehabartels-conjar.hr\/elektricna-kolica\/train-ox-light\/\">Train-Ox Light<\/a><\/h3><p class=\"elementor-image-box-description\">TRAIN-OX LIGHT univerzalni motorni dodatak pretvara ru\u010dna invalidska kolica u elektri\u010dna, pru\u017eaju\u0107i ve\u0107u mobilnost, sigurnost i jednostavno upravljanje.<\/p><\/div><\/div>\t\t\t\t<\/div>\n\t\t\t\t<\/div>\n\t\t\t\t\t<\/div>\n\t\t<\/div>\n\t\t\t\t<div class=\"elementor-column elementor-col-33 elementor-top-column elementor-element elementor-element-b9bc9db\" data-id=\"b9bc9db\" data-element_type=\"column\" data-e-type=\"column\">\n\t\t\t<div class=\"elementor-widget-wrap\">\n\t\t\t\t\t\t\t<\/div>\n\t\t<\/div>\n\t\t\t\t\t<\/div>\n\t\t<\/section>\n\t\t\t\t<\/div>\n\t\t","protected":false},"excerpt":{"rendered":"<p>Train-Ox Prakti\u010dan elektri\u010dni dodatak za invalidska kolica koji u nekoliko sekundi pretvara ru\u010dna kolica u motorizirana za ve\u0107u slobodu kretanja. Train-Ox Light TRAIN-OX LIGHT univerzalni motorni dodatak pretvara ru\u010dna invalidska kolica u elektri\u010dna, pru\u017eaju\u0107i ve\u0107u mobilnost, sigurnost i jednostavno upravljanje.<\/p>","protected":false},"author":1,"featured_media":0,"parent":0,"menu_order":0,"comment_status":"closed","ping_status":"closed","template":"","meta":{"_acf_changed":false,"_exactmetrics_skip_tracking":false,"_exactmetrics_sitenote_active":false,"_exactmetrics_sitenote_note":"","_exactmetrics_sitenote_category":0,"footnotes":""},"class_list":["post-5113","page","type-page","status-publish","hentry"],"acf":[],"aioseo_notices":[],"_links":{"self":[{"href":"https:\/\/rehabartels-conjar.hr\/en\/wp-json\/wp\/v2\/pages\/5113","targetHints":{"allow":["GET"]}}],"collection":[{"href":"https:\/\/rehabartels-conjar.hr\/en\/wp-json\/wp\/v2\/pages"}],"about":[{"href":"https:\/\/rehabartels-conjar.hr\/en\/wp-json\/wp\/v2\/types\/page"}],"author":[{"embeddable":true,"href":"https:\/\/rehabartels-conjar.hr\/en\/wp-json\/wp\/v2\/users\/1"}],"replies":[{"embeddable":true,"href":"https:\/\/rehabartels-conjar.hr\/en\/wp-json\/wp\/v2\/comments?post=5113"}],"version-history":[{"count":4,"href":"https:\/\/rehabartels-conjar.hr\/en\/wp-json\/wp\/v2\/pages\/5113\/revisions"}],"predecessor-version":[{"id":5131,"href":"https:\/\/rehabartels-conjar.hr\/en\/wp-json\/wp\/v2\/pages\/5113\/revisions\/5131"}],"wp:attachment":[{"href":"https:\/\/rehabartels-conjar.hr\/en\/wp-json\/wp\/v2\/media?parent=5113"}],"curies":[{"name":"wp","href":"https:\/\/api.w.org\/{rel}","templated":true}]}}