{"id":2278,"date":"2021-07-19T13:01:57","date_gmt":"2021-07-19T13:01:57","guid":{"rendered":"https:\/\/rehabartels-conjar.hr\/dev\/?page_id=2278"},"modified":"2024-05-27T15:28:19","modified_gmt":"2024-05-27T15:28:19","slug":"dizala-za-bazene","status":"publish","type":"page","link":"https:\/\/rehabartels-conjar.hr\/en\/dizala-za-bazene\/","title":{"rendered":"Pool lifts"},"content":{"rendered":"\t\t<div data-elementor-type=\"wp-page\" data-elementor-id=\"2278\" class=\"elementor elementor-2278\" data-elementor-post-type=\"page\">\n\t\t\t\t\t\t<section class=\"elementor-section elementor-top-section elementor-element elementor-element-904b563 elementor-section-boxed elementor-section-height-default elementor-section-height-default\" data-id=\"904b563\" data-element_type=\"section\" data-e-type=\"section\" data-settings=\"{&quot;jet_parallax_layout_list&quot;:[{&quot;jet_parallax_layout_image&quot;:{&quot;url&quot;:&quot;&quot;,&quot;id&quot;:&quot;&quot;,&quot;size&quot;:&quot;&quot;},&quot;_id&quot;:&quot;ac3b29c&quot;,&quot;jet_parallax_layout_image_tablet&quot;:{&quot;url&quot;:&quot;&quot;,&quot;id&quot;:&quot;&quot;,&quot;size&quot;:&quot;&quot;},&quot;jet_parallax_layout_image_mobile&quot;:{&quot;url&quot;:&quot;&quot;,&quot;id&quot;:&quot;&quot;,&quot;size&quot;:&quot;&quot;},&quot;jet_parallax_layout_speed&quot;:{&quot;unit&quot;:&quot;%&quot;,&quot;size&quot;:50,&quot;sizes&quot;:[]},&quot;jet_parallax_layout_type&quot;:&quot;scroll&quot;,&quot;jet_parallax_layout_direction&quot;:null,&quot;jet_parallax_layout_fx_direction&quot;:null,&quot;jet_parallax_layout_z_index&quot;:&quot;&quot;,&quot;jet_parallax_layout_bg_x&quot;:50,&quot;jet_parallax_layout_bg_x_tablet&quot;:&quot;&quot;,&quot;jet_parallax_layout_bg_x_mobile&quot;:&quot;&quot;,&quot;jet_parallax_layout_bg_y&quot;:50,&quot;jet_parallax_layout_bg_y_tablet&quot;:&quot;&quot;,&quot;jet_parallax_layout_bg_y_mobile&quot;:&quot;&quot;,&quot;jet_parallax_layout_bg_size&quot;:&quot;auto&quot;,&quot;jet_parallax_layout_bg_size_tablet&quot;:&quot;&quot;,&quot;jet_parallax_layout_bg_size_mobile&quot;:&quot;&quot;,&quot;jet_parallax_layout_animation_prop&quot;:&quot;transform&quot;,&quot;jet_parallax_layout_on&quot;:[&quot;desktop&quot;,&quot;tablet&quot;]}]}\">\n\t\t\t\t\t\t<div class=\"elementor-container elementor-column-gap-default\">\n\t\t\t\t\t<div class=\"elementor-column elementor-col-33 elementor-top-column elementor-element elementor-element-b70a088\" data-id=\"b70a088\" data-element_type=\"column\" data-e-type=\"column\">\n\t\t\t<div class=\"elementor-widget-wrap elementor-element-populated\">\n\t\t\t\t\t\t<div class=\"elementor-element elementor-element-0160027 elementor-position-top elementor-widget elementor-widget-image-box\" data-id=\"0160027\" data-element_type=\"widget\" data-e-type=\"widget\" data-widget_type=\"image-box.default\">\n\t\t\t\t<div class=\"elementor-widget-container\">\n\t\t\t\t\t<div class=\"elementor-image-box-wrapper\"><figure class=\"elementor-image-box-img\"><a href=\"https:\/\/rehabartels-conjar.hr\/dizala-za-bazene\/bluone\/\" tabindex=\"-1\"><img fetchpriority=\"high\" decoding=\"async\" width=\"600\" height=\"600\" src=\"https:\/\/rehabartels-conjar.hr\/wp-content\/uploads\/2021\/07\/bluone-sidebar.jpg\" class=\"attachment-full size-full wp-image-2642\" alt=\"\" srcset=\"https:\/\/rehabartels-conjar.hr\/wp-content\/uploads\/2021\/07\/bluone-sidebar.jpg 600w, https:\/\/rehabartels-conjar.hr\/wp-content\/uploads\/2021\/07\/bluone-sidebar-300x300.jpg 300w, https:\/\/rehabartels-conjar.hr\/wp-content\/uploads\/2021\/07\/bluone-sidebar-150x150.jpg 150w, https:\/\/rehabartels-conjar.hr\/wp-content\/uploads\/2021\/07\/bluone-sidebar-500x500.jpg 500w\" sizes=\"(max-width: 600px) 100vw, 600px\" \/><\/a><\/figure><div class=\"elementor-image-box-content\"><h3 class=\"elementor-image-box-title\"><a href=\"https:\/\/rehabartels-conjar.hr\/dizala-za-bazene\/bluone\/\">BluOne<\/a><\/h3><p class=\"elementor-image-box-description\">Bazensko dizalo BluOne je inovativan, brz, siguran i udoban ure\u0111aj za prijevoz osoba s invaliditetom ili smanjenom mogu\u0107nosti kretanja.<\/p><\/div><\/div>\t\t\t\t<\/div>\n\t\t\t\t<\/div>\n\t\t\t\t\t<\/div>\n\t\t<\/div>\n\t\t\t\t<div class=\"elementor-column elementor-col-33 elementor-top-column elementor-element elementor-element-0ad44a3\" data-id=\"0ad44a3\" data-element_type=\"column\" data-e-type=\"column\">\n\t\t\t<div class=\"elementor-widget-wrap elementor-element-populated\">\n\t\t\t\t\t\t<div class=\"elementor-element elementor-element-56ee8d5 elementor-position-top elementor-widget elementor-widget-image-box\" data-id=\"56ee8d5\" data-element_type=\"widget\" data-e-type=\"widget\" data-widget_type=\"image-box.default\">\n\t\t\t\t<div class=\"elementor-widget-container\">\n\t\t\t\t\t<div class=\"elementor-image-box-wrapper\"><figure class=\"elementor-image-box-img\"><a href=\"https:\/\/rehabartels-conjar.hr\/dizala-za-bazene\/blupool\/\" tabindex=\"-1\"><img decoding=\"async\" width=\"600\" height=\"600\" src=\"https:\/\/rehabartels-conjar.hr\/wp-content\/uploads\/2021\/07\/blupool-sidebar.jpg\" class=\"attachment-full size-full wp-image-2643\" alt=\"\" srcset=\"https:\/\/rehabartels-conjar.hr\/wp-content\/uploads\/2021\/07\/blupool-sidebar.jpg 600w, https:\/\/rehabartels-conjar.hr\/wp-content\/uploads\/2021\/07\/blupool-sidebar-300x300.jpg 300w, https:\/\/rehabartels-conjar.hr\/wp-content\/uploads\/2021\/07\/blupool-sidebar-150x150.jpg 150w, https:\/\/rehabartels-conjar.hr\/wp-content\/uploads\/2021\/07\/blupool-sidebar-500x500.jpg 500w\" sizes=\"(max-width: 600px) 100vw, 600px\" \/><\/a><\/figure><div class=\"elementor-image-box-content\"><h3 class=\"elementor-image-box-title\"><a href=\"https:\/\/rehabartels-conjar.hr\/dizala-za-bazene\/blupool\/\">BluPool<\/a><\/h3><p class=\"elementor-image-box-description\">BluPool je medicinsko dizalo koje na siguran, udoban i funkcionalan na\u010din omogu\u0107uje pristup bazenu svim osobama smanjene pokretljivosti te osobama s invaliditetom.<\/p><\/div><\/div>\t\t\t\t<\/div>\n\t\t\t\t<\/div>\n\t\t\t\t\t<\/div>\n\t\t<\/div>\n\t\t\t\t<div class=\"elementor-column elementor-col-33 elementor-top-column elementor-element elementor-element-a06b110\" data-id=\"a06b110\" data-element_type=\"column\" data-e-type=\"column\">\n\t\t\t<div class=\"elementor-widget-wrap elementor-element-populated\">\n\t\t\t\t\t\t<div class=\"elementor-element elementor-element-7464f29 elementor-position-top elementor-widget elementor-widget-image-box\" data-id=\"7464f29\" data-element_type=\"widget\" data-e-type=\"widget\" data-widget_type=\"image-box.default\">\n\t\t\t\t<div class=\"elementor-widget-container\">\n\t\t\t\t\t<div class=\"elementor-image-box-wrapper\"><figure class=\"elementor-image-box-img\"><a href=\"https:\/\/rehabartels-conjar.hr\/dizala-za-bazene\/delphin\/\" tabindex=\"-1\"><img decoding=\"async\" width=\"600\" height=\"600\" src=\"https:\/\/rehabartels-conjar.hr\/wp-content\/uploads\/2024\/05\/delphin.png\" class=\"attachment-full size-full wp-image-3939\" alt=\"delphin\" srcset=\"https:\/\/rehabartels-conjar.hr\/wp-content\/uploads\/2024\/05\/delphin.png 600w, https:\/\/rehabartels-conjar.hr\/wp-content\/uploads\/2024\/05\/delphin-300x300.png 300w, https:\/\/rehabartels-conjar.hr\/wp-content\/uploads\/2024\/05\/delphin-150x150.png 150w, https:\/\/rehabartels-conjar.hr\/wp-content\/uploads\/2024\/05\/delphin-500x500.png 500w\" sizes=\"(max-width: 600px) 100vw, 600px\" \/><\/a><\/figure><div class=\"elementor-image-box-content\"><h3 class=\"elementor-image-box-title\"><a href=\"https:\/\/rehabartels-conjar.hr\/dizala-za-bazene\/delphin\/\">Delphin<\/a><\/h3><p class=\"elementor-image-box-description\">Bazensko dizalo Delphin omogu\u0107uje samostalni pristup bazenu bez potrebe za dodatnom pomo\u0107i od strane druge osobe. Za kori\u0161tenje nije potrebna elektri\u010dna instalacija niti upotreba baterije.<\/p><\/div><\/div>\t\t\t\t<\/div>\n\t\t\t\t<\/div>\n\t\t\t\t\t<\/div>\n\t\t<\/div>\n\t\t\t\t\t<\/div>\n\t\t<\/section>\n\t\t\t\t<section class=\"elementor-section elementor-top-section elementor-element elementor-element-c762e2e elementor-section-boxed elementor-section-height-default elementor-section-height-default\" data-id=\"c762e2e\" data-element_type=\"section\" data-e-type=\"section\" data-settings=\"{&quot;jet_parallax_layout_list&quot;:[{&quot;jet_parallax_layout_image&quot;:{&quot;url&quot;:&quot;&quot;,&quot;id&quot;:&quot;&quot;,&quot;size&quot;:&quot;&quot;},&quot;_id&quot;:&quot;ac3b29c&quot;,&quot;jet_parallax_layout_image_tablet&quot;:{&quot;url&quot;:&quot;&quot;,&quot;id&quot;:&quot;&quot;,&quot;size&quot;:&quot;&quot;},&quot;jet_parallax_layout_image_mobile&quot;:{&quot;url&quot;:&quot;&quot;,&quot;id&quot;:&quot;&quot;,&quot;size&quot;:&quot;&quot;},&quot;jet_parallax_layout_speed&quot;:{&quot;unit&quot;:&quot;%&quot;,&quot;size&quot;:50,&quot;sizes&quot;:[]},&quot;jet_parallax_layout_type&quot;:&quot;scroll&quot;,&quot;jet_parallax_layout_direction&quot;:null,&quot;jet_parallax_layout_fx_direction&quot;:null,&quot;jet_parallax_layout_z_index&quot;:&quot;&quot;,&quot;jet_parallax_layout_bg_x&quot;:50,&quot;jet_parallax_layout_bg_x_tablet&quot;:&quot;&quot;,&quot;jet_parallax_layout_bg_x_mobile&quot;:&quot;&quot;,&quot;jet_parallax_layout_bg_y&quot;:50,&quot;jet_parallax_layout_bg_y_tablet&quot;:&quot;&quot;,&quot;jet_parallax_layout_bg_y_mobile&quot;:&quot;&quot;,&quot;jet_parallax_layout_bg_size&quot;:&quot;auto&quot;,&quot;jet_parallax_layout_bg_size_tablet&quot;:&quot;&quot;,&quot;jet_parallax_layout_bg_size_mobile&quot;:&quot;&quot;,&quot;jet_parallax_layout_animation_prop&quot;:&quot;transform&quot;,&quot;jet_parallax_layout_on&quot;:[&quot;desktop&quot;,&quot;tablet&quot;]}]}\">\n\t\t\t\t\t\t<div class=\"elementor-container elementor-column-gap-default\">\n\t\t\t\t\t<div class=\"elementor-column elementor-col-33 elementor-top-column elementor-element elementor-element-74762ab\" data-id=\"74762ab\" data-element_type=\"column\" data-e-type=\"column\">\n\t\t\t<div class=\"elementor-widget-wrap elementor-element-populated\">\n\t\t\t\t\t\t<div class=\"elementor-element elementor-element-b5d0e48 elementor-position-top elementor-widget elementor-widget-image-box\" data-id=\"b5d0e48\" data-element_type=\"widget\" data-e-type=\"widget\" data-widget_type=\"image-box.default\">\n\t\t\t\t<div class=\"elementor-widget-container\">\n\t\t\t\t\t<div class=\"elementor-image-box-wrapper\"><figure class=\"elementor-image-box-img\"><a href=\"https:\/\/rehabartels-conjar.hr\/dizala-za-bazene\/ecopool\/\" tabindex=\"-1\"><img loading=\"lazy\" decoding=\"async\" width=\"600\" height=\"600\" src=\"https:\/\/rehabartels-conjar.hr\/wp-content\/uploads\/2021\/07\/ecopool-sidebar.jpg\" class=\"attachment-full size-full wp-image-2644\" alt=\"\" srcset=\"https:\/\/rehabartels-conjar.hr\/wp-content\/uploads\/2021\/07\/ecopool-sidebar.jpg 600w, https:\/\/rehabartels-conjar.hr\/wp-content\/uploads\/2021\/07\/ecopool-sidebar-300x300.jpg 300w, https:\/\/rehabartels-conjar.hr\/wp-content\/uploads\/2021\/07\/ecopool-sidebar-150x150.jpg 150w, https:\/\/rehabartels-conjar.hr\/wp-content\/uploads\/2021\/07\/ecopool-sidebar-500x500.jpg 500w\" sizes=\"(max-width: 600px) 100vw, 600px\" \/><\/a><\/figure><div class=\"elementor-image-box-content\"><h3 class=\"elementor-image-box-title\"><a href=\"https:\/\/rehabartels-conjar.hr\/dizala-za-bazene\/ecopool\/\">EcoPool<\/a><\/h3><p class=\"elementor-image-box-description\">EcoPool je mobilno bazensko dizalo koje je kreirano kako bi olak\u0161alo te\u0161ko pokretnim osobama i osobama s invaliditetom pristup bazenu. <\/p><\/div><\/div>\t\t\t\t<\/div>\n\t\t\t\t<\/div>\n\t\t\t\t\t<\/div>\n\t\t<\/div>\n\t\t\t\t<div class=\"elementor-column elementor-col-33 elementor-top-column elementor-element elementor-element-8ecfd82\" data-id=\"8ecfd82\" data-element_type=\"column\" data-e-type=\"column\">\n\t\t\t<div class=\"elementor-widget-wrap elementor-element-populated\">\n\t\t\t\t\t\t<div class=\"elementor-element elementor-element-1e1f2e8 elementor-position-top elementor-widget elementor-widget-image-box\" data-id=\"1e1f2e8\" data-element_type=\"widget\" data-e-type=\"widget\" data-widget_type=\"image-box.default\">\n\t\t\t\t<div class=\"elementor-widget-container\">\n\t\t\t\t\t<div class=\"elementor-image-box-wrapper\"><figure class=\"elementor-image-box-img\"><a href=\"https:\/\/rehabartels-conjar.hr\/dizala-za-bazene\/f100\/\" tabindex=\"-1\"><img loading=\"lazy\" decoding=\"async\" width=\"600\" height=\"600\" src=\"https:\/\/rehabartels-conjar.hr\/wp-content\/uploads\/2021\/07\/f100-sidebar.jpg\" class=\"attachment-full size-full wp-image-2645\" alt=\"\" srcset=\"https:\/\/rehabartels-conjar.hr\/wp-content\/uploads\/2021\/07\/f100-sidebar.jpg 600w, https:\/\/rehabartels-conjar.hr\/wp-content\/uploads\/2021\/07\/f100-sidebar-300x300.jpg 300w, https:\/\/rehabartels-conjar.hr\/wp-content\/uploads\/2021\/07\/f100-sidebar-150x150.jpg 150w, https:\/\/rehabartels-conjar.hr\/wp-content\/uploads\/2021\/07\/f100-sidebar-500x500.jpg 500w\" sizes=\"(max-width: 600px) 100vw, 600px\" \/><\/a><\/figure><div class=\"elementor-image-box-content\"><h3 class=\"elementor-image-box-title\"><a href=\"https:\/\/rehabartels-conjar.hr\/dizala-za-bazene\/f100\/\">F100<\/a><\/h3><p class=\"elementor-image-box-description\">Ovo dizalo je idealno rje\u0161enje za nadzemne bazene \u010dija je konstrukcija izra\u0111ena od  drveta, plastike ili bazenskog platna te se mo\u017ee prilagoditi razli\u010ditim vrstama i visinama bazena.<\/p><\/div><\/div>\t\t\t\t<\/div>\n\t\t\t\t<\/div>\n\t\t\t\t\t<\/div>\n\t\t<\/div>\n\t\t\t\t<div class=\"elementor-column elementor-col-33 elementor-top-column elementor-element elementor-element-edd058c\" data-id=\"edd058c\" data-element_type=\"column\" data-e-type=\"column\">\n\t\t\t<div class=\"elementor-widget-wrap elementor-element-populated\">\n\t\t\t\t\t\t<div class=\"elementor-element elementor-element-2b7bd84 elementor-position-top elementor-widget elementor-widget-image-box\" data-id=\"2b7bd84\" data-element_type=\"widget\" data-e-type=\"widget\" data-widget_type=\"image-box.default\">\n\t\t\t\t<div class=\"elementor-widget-container\">\n\t\t\t\t\t<div class=\"elementor-image-box-wrapper\"><figure class=\"elementor-image-box-img\"><a href=\"https:\/\/rehabartels-conjar.hr\/dizala-za-bazene\/f130\/\" tabindex=\"-1\"><img loading=\"lazy\" decoding=\"async\" width=\"600\" height=\"600\" src=\"https:\/\/rehabartels-conjar.hr\/wp-content\/uploads\/2021\/07\/F130-sidebar.jpg\" class=\"attachment-full size-full wp-image-2638\" alt=\"\" srcset=\"https:\/\/rehabartels-conjar.hr\/wp-content\/uploads\/2021\/07\/F130-sidebar.jpg 600w, https:\/\/rehabartels-conjar.hr\/wp-content\/uploads\/2021\/07\/F130-sidebar-300x300.jpg 300w, https:\/\/rehabartels-conjar.hr\/wp-content\/uploads\/2021\/07\/F130-sidebar-150x150.jpg 150w, https:\/\/rehabartels-conjar.hr\/wp-content\/uploads\/2021\/07\/F130-sidebar-500x500.jpg 500w\" sizes=\"(max-width: 600px) 100vw, 600px\" \/><\/a><\/figure><div class=\"elementor-image-box-content\"><h3 class=\"elementor-image-box-title\"><a href=\"https:\/\/rehabartels-conjar.hr\/dizala-za-bazene\/f130\/\">F130<\/a><\/h3><p class=\"elementor-image-box-description\">F130 je fiksno bazensko dizalo koje osobama s invaliditetom i te\u0161ko pokretnim osobama olak\u0161ava ulazak i izlazak iz vode.<\/p><\/div><\/div>\t\t\t\t<\/div>\n\t\t\t\t<\/div>\n\t\t\t\t\t<\/div>\n\t\t<\/div>\n\t\t\t\t\t<\/div>\n\t\t<\/section>\n\t\t\t\t<section class=\"elementor-section elementor-top-section elementor-element elementor-element-d2c65e4 elementor-section-boxed elementor-section-height-default elementor-section-height-default\" data-id=\"d2c65e4\" data-element_type=\"section\" data-e-type=\"section\" data-settings=\"{&quot;jet_parallax_layout_list&quot;:[{&quot;jet_parallax_layout_image&quot;:{&quot;url&quot;:&quot;&quot;,&quot;id&quot;:&quot;&quot;,&quot;size&quot;:&quot;&quot;},&quot;_id&quot;:&quot;ac3b29c&quot;,&quot;jet_parallax_layout_image_tablet&quot;:{&quot;url&quot;:&quot;&quot;,&quot;id&quot;:&quot;&quot;,&quot;size&quot;:&quot;&quot;},&quot;jet_parallax_layout_image_mobile&quot;:{&quot;url&quot;:&quot;&quot;,&quot;id&quot;:&quot;&quot;,&quot;size&quot;:&quot;&quot;},&quot;jet_parallax_layout_speed&quot;:{&quot;unit&quot;:&quot;%&quot;,&quot;size&quot;:50,&quot;sizes&quot;:[]},&quot;jet_parallax_layout_type&quot;:&quot;scroll&quot;,&quot;jet_parallax_layout_direction&quot;:null,&quot;jet_parallax_layout_fx_direction&quot;:null,&quot;jet_parallax_layout_z_index&quot;:&quot;&quot;,&quot;jet_parallax_layout_bg_x&quot;:50,&quot;jet_parallax_layout_bg_x_tablet&quot;:&quot;&quot;,&quot;jet_parallax_layout_bg_x_mobile&quot;:&quot;&quot;,&quot;jet_parallax_layout_bg_y&quot;:50,&quot;jet_parallax_layout_bg_y_tablet&quot;:&quot;&quot;,&quot;jet_parallax_layout_bg_y_mobile&quot;:&quot;&quot;,&quot;jet_parallax_layout_bg_size&quot;:&quot;auto&quot;,&quot;jet_parallax_layout_bg_size_tablet&quot;:&quot;&quot;,&quot;jet_parallax_layout_bg_size_mobile&quot;:&quot;&quot;,&quot;jet_parallax_layout_animation_prop&quot;:&quot;transform&quot;,&quot;jet_parallax_layout_on&quot;:[&quot;desktop&quot;,&quot;tablet&quot;]}]}\">\n\t\t\t\t\t\t<div class=\"elementor-container elementor-column-gap-default\">\n\t\t\t\t\t<div class=\"elementor-column elementor-col-33 elementor-top-column elementor-element elementor-element-5dd65bc\" data-id=\"5dd65bc\" data-element_type=\"column\" data-e-type=\"column\">\n\t\t\t<div class=\"elementor-widget-wrap elementor-element-populated\">\n\t\t\t\t\t\t<div class=\"elementor-element elementor-element-7a7f153 elementor-position-top elementor-widget elementor-widget-image-box\" data-id=\"7a7f153\" data-element_type=\"widget\" data-e-type=\"widget\" data-widget_type=\"image-box.default\">\n\t\t\t\t<div class=\"elementor-widget-container\">\n\t\t\t\t\t<div class=\"elementor-image-box-wrapper\"><figure class=\"elementor-image-box-img\"><a href=\"https:\/\/rehabartels-conjar.hr\/dizala-za-bazene\/f145-f145b\/\" tabindex=\"-1\"><img loading=\"lazy\" decoding=\"async\" width=\"600\" height=\"600\" src=\"https:\/\/rehabartels-conjar.hr\/wp-content\/uploads\/2021\/07\/f145-sidebar.jpg\" class=\"attachment-full size-full wp-image-2639\" alt=\"\" srcset=\"https:\/\/rehabartels-conjar.hr\/wp-content\/uploads\/2021\/07\/f145-sidebar.jpg 600w, https:\/\/rehabartels-conjar.hr\/wp-content\/uploads\/2021\/07\/f145-sidebar-300x300.jpg 300w, https:\/\/rehabartels-conjar.hr\/wp-content\/uploads\/2021\/07\/f145-sidebar-150x150.jpg 150w, https:\/\/rehabartels-conjar.hr\/wp-content\/uploads\/2021\/07\/f145-sidebar-500x500.jpg 500w\" sizes=\"(max-width: 600px) 100vw, 600px\" \/><\/a><\/figure><div class=\"elementor-image-box-content\"><h3 class=\"elementor-image-box-title\"><a href=\"https:\/\/rehabartels-conjar.hr\/dizala-za-bazene\/f145-f145b\/\">F145 &amp; 145b<\/a><\/h3><p class=\"elementor-image-box-description\">F145 \/ F145B su fiksna bazenska dizala koja omogu\u0107uju osobama s invaliditetom nesmetan ulazak i izlazak iz vode.<\/p><\/div><\/div>\t\t\t\t<\/div>\n\t\t\t\t<\/div>\n\t\t\t\t\t<\/div>\n\t\t<\/div>\n\t\t\t\t<div class=\"elementor-column elementor-col-33 elementor-top-column elementor-element elementor-element-915280a\" data-id=\"915280a\" data-element_type=\"column\" data-e-type=\"column\">\n\t\t\t<div class=\"elementor-widget-wrap elementor-element-populated\">\n\t\t\t\t\t\t<div class=\"elementor-element elementor-element-a837c11 elementor-position-top elementor-widget elementor-widget-image-box\" data-id=\"a837c11\" data-element_type=\"widget\" data-e-type=\"widget\" data-widget_type=\"image-box.default\">\n\t\t\t\t<div class=\"elementor-widget-container\">\n\t\t\t\t\t<div class=\"elementor-image-box-wrapper\"><figure class=\"elementor-image-box-img\"><a href=\"https:\/\/rehabartels-conjar.hr\/dizala-za-bazene\/pandapool\/\" tabindex=\"-1\"><img loading=\"lazy\" decoding=\"async\" width=\"600\" height=\"600\" src=\"https:\/\/rehabartels-conjar.hr\/wp-content\/uploads\/2021\/07\/pandapool-sideabr.jpg\" class=\"attachment-full size-full wp-image-2640\" alt=\"\" srcset=\"https:\/\/rehabartels-conjar.hr\/wp-content\/uploads\/2021\/07\/pandapool-sideabr.jpg 600w, https:\/\/rehabartels-conjar.hr\/wp-content\/uploads\/2021\/07\/pandapool-sideabr-300x300.jpg 300w, https:\/\/rehabartels-conjar.hr\/wp-content\/uploads\/2021\/07\/pandapool-sideabr-150x150.jpg 150w, https:\/\/rehabartels-conjar.hr\/wp-content\/uploads\/2021\/07\/pandapool-sideabr-500x500.jpg 500w\" sizes=\"(max-width: 600px) 100vw, 600px\" \/><\/a><\/figure><div class=\"elementor-image-box-content\"><h3 class=\"elementor-image-box-title\"><a href=\"https:\/\/rehabartels-conjar.hr\/dizala-za-bazene\/pandapool\/\">PandaPool<\/a><\/h3><p class=\"elementor-image-box-description\">PandaPool je pokretno bazensko dizalo koje omogu\u0107uje prijevoz osobe s invaliditetom ili te\u0161ko pokretnih osobe od svla\u010dionice do samog ulaza u bazen.<\/p><\/div><\/div>\t\t\t\t<\/div>\n\t\t\t\t<\/div>\n\t\t\t\t\t<\/div>\n\t\t<\/div>\n\t\t\t\t<div class=\"elementor-column elementor-col-33 elementor-top-column elementor-element elementor-element-9d0bbfd\" data-id=\"9d0bbfd\" data-element_type=\"column\" data-e-type=\"column\">\n\t\t\t<div class=\"elementor-widget-wrap elementor-element-populated\">\n\t\t\t\t\t\t<div class=\"elementor-element elementor-element-7b4163f elementor-position-top elementor-widget elementor-widget-image-box\" data-id=\"7b4163f\" data-element_type=\"widget\" data-e-type=\"widget\" data-widget_type=\"image-box.default\">\n\t\t\t\t<div class=\"elementor-widget-container\">\n\t\t\t\t\t<div class=\"elementor-image-box-wrapper\"><figure class=\"elementor-image-box-img\"><a href=\"https:\/\/rehabartels-conjar.hr\/dizala-za-bazene\/pelicanpool\/\" tabindex=\"-1\"><img loading=\"lazy\" decoding=\"async\" width=\"600\" height=\"600\" src=\"https:\/\/rehabartels-conjar.hr\/wp-content\/uploads\/2021\/07\/pelicanpool-sideabar.jpeg\" class=\"attachment-full size-full wp-image-2641\" alt=\"\" srcset=\"https:\/\/rehabartels-conjar.hr\/wp-content\/uploads\/2021\/07\/pelicanpool-sideabar.jpeg 600w, https:\/\/rehabartels-conjar.hr\/wp-content\/uploads\/2021\/07\/pelicanpool-sideabar-300x300.jpeg 300w, https:\/\/rehabartels-conjar.hr\/wp-content\/uploads\/2021\/07\/pelicanpool-sideabar-150x150.jpeg 150w, https:\/\/rehabartels-conjar.hr\/wp-content\/uploads\/2021\/07\/pelicanpool-sideabar-500x500.jpeg 500w\" sizes=\"(max-width: 600px) 100vw, 600px\" \/><\/a><\/figure><div class=\"elementor-image-box-content\"><h3 class=\"elementor-image-box-title\"><a href=\"https:\/\/rehabartels-conjar.hr\/dizala-za-bazene\/pelicanpool\/\">PelicanPool<\/a><\/h3><p class=\"elementor-image-box-description\">Pelican Pool je novo medicinsko dizalo koje omogu\u0107uje osobama smanjene pokretljivosti pristup bazenima. <\/p><\/div><\/div>\t\t\t\t<\/div>\n\t\t\t\t<\/div>\n\t\t\t\t\t<\/div>\n\t\t<\/div>\n\t\t\t\t\t<\/div>\n\t\t<\/section>\n\t\t\t\t<\/div>\n\t\t","protected":false},"excerpt":{"rendered":"<p>BluOne Bazensko dizalo BluOne je inovativan, brz, siguran i udoban ure\u0111aj za prijevoz osoba s invaliditetom ili smanjenom mogu\u0107nosti kretanja. BluPool BluPool je medicinsko dizalo koje na siguran, udoban i funkcionalan na\u010din omogu\u0107uje pristup bazenu svim osobama smanjene pokretljivosti te osobama s invaliditetom. Delphin Bazensko dizalo Delphin omogu\u0107uje samostalni pristup bazenu bez potrebe za dodatnom [&hellip;]<\/p>\n","protected":false},"author":1,"featured_media":0,"parent":0,"menu_order":0,"comment_status":"closed","ping_status":"closed","template":"","meta":{"_acf_changed":false,"_exactmetrics_skip_tracking":false,"_exactmetrics_sitenote_active":false,"_exactmetrics_sitenote_note":"","_exactmetrics_sitenote_category":0,"footnotes":""},"class_list":["post-2278","page","type-page","status-publish","hentry"],"acf":[],"aioseo_notices":[],"_links":{"self":[{"href":"https:\/\/rehabartels-conjar.hr\/en\/wp-json\/wp\/v2\/pages\/2278","targetHints":{"allow":["GET"]}}],"collection":[{"href":"https:\/\/rehabartels-conjar.hr\/en\/wp-json\/wp\/v2\/pages"}],"about":[{"href":"https:\/\/rehabartels-conjar.hr\/en\/wp-json\/wp\/v2\/types\/page"}],"author":[{"embeddable":true,"href":"https:\/\/rehabartels-conjar.hr\/en\/wp-json\/wp\/v2\/users\/1"}],"replies":[{"embeddable":true,"href":"https:\/\/rehabartels-conjar.hr\/en\/wp-json\/wp\/v2\/comments?post=2278"}],"version-history":[{"count":22,"href":"https:\/\/rehabartels-conjar.hr\/en\/wp-json\/wp\/v2\/pages\/2278\/revisions"}],"predecessor-version":[{"id":3942,"href":"https:\/\/rehabartels-conjar.hr\/en\/wp-json\/wp\/v2\/pages\/2278\/revisions\/3942"}],"wp:attachment":[{"href":"https:\/\/rehabartels-conjar.hr\/en\/wp-json\/wp\/v2\/media?parent=2278"}],"curies":[{"name":"wp","href":"https:\/\/api.w.org\/{rel}","templated":true}]}}