{"id":2266,"date":"2021-07-19T12:56:10","date_gmt":"2021-07-19T12:56:10","guid":{"rendered":"https:\/\/rehabartels-conjar.hr\/dev\/?page_id=2266"},"modified":"2026-04-23T07:38:30","modified_gmt":"2026-04-23T07:38:30","slug":"gusjenicari","status":"publish","type":"page","link":"https:\/\/rehabartels-conjar.hr\/en\/gusjenicari\/","title":{"rendered":"Caterpillars"},"content":{"rendered":"\t\t<div data-elementor-type=\"wp-page\" data-elementor-id=\"2266\" class=\"elementor elementor-2266\" data-elementor-post-type=\"page\">\n\t\t\t\t\t\t<section class=\"elementor-section elementor-top-section elementor-element elementor-element-896fbcb elementor-section-boxed elementor-section-height-default elementor-section-height-default\" data-id=\"896fbcb\" data-element_type=\"section\" data-e-type=\"section\" data-settings=\"{&quot;jet_parallax_layout_list&quot;:[{&quot;jet_parallax_layout_image&quot;:{&quot;url&quot;:&quot;&quot;,&quot;id&quot;:&quot;&quot;,&quot;size&quot;:&quot;&quot;},&quot;_id&quot;:&quot;ac3b29c&quot;,&quot;jet_parallax_layout_image_tablet&quot;:{&quot;url&quot;:&quot;&quot;,&quot;id&quot;:&quot;&quot;,&quot;size&quot;:&quot;&quot;},&quot;jet_parallax_layout_image_mobile&quot;:{&quot;url&quot;:&quot;&quot;,&quot;id&quot;:&quot;&quot;,&quot;size&quot;:&quot;&quot;},&quot;jet_parallax_layout_speed&quot;:{&quot;unit&quot;:&quot;%&quot;,&quot;size&quot;:50,&quot;sizes&quot;:[]},&quot;jet_parallax_layout_type&quot;:&quot;scroll&quot;,&quot;jet_parallax_layout_direction&quot;:null,&quot;jet_parallax_layout_fx_direction&quot;:null,&quot;jet_parallax_layout_z_index&quot;:&quot;&quot;,&quot;jet_parallax_layout_bg_x&quot;:50,&quot;jet_parallax_layout_bg_x_tablet&quot;:&quot;&quot;,&quot;jet_parallax_layout_bg_x_mobile&quot;:&quot;&quot;,&quot;jet_parallax_layout_bg_y&quot;:50,&quot;jet_parallax_layout_bg_y_tablet&quot;:&quot;&quot;,&quot;jet_parallax_layout_bg_y_mobile&quot;:&quot;&quot;,&quot;jet_parallax_layout_bg_size&quot;:&quot;auto&quot;,&quot;jet_parallax_layout_bg_size_tablet&quot;:&quot;&quot;,&quot;jet_parallax_layout_bg_size_mobile&quot;:&quot;&quot;,&quot;jet_parallax_layout_animation_prop&quot;:&quot;transform&quot;,&quot;jet_parallax_layout_on&quot;:[&quot;desktop&quot;,&quot;tablet&quot;]}]}\">\n\t\t\t\t\t\t<div class=\"elementor-container elementor-column-gap-default\">\n\t\t\t\t\t<div class=\"elementor-column elementor-col-33 elementor-top-column elementor-element elementor-element-131f6b2\" data-id=\"131f6b2\" data-element_type=\"column\" data-e-type=\"column\">\n\t\t\t<div class=\"elementor-widget-wrap elementor-element-populated\">\n\t\t\t\t\t\t<div class=\"elementor-element elementor-element-ebc85f6 elementor-position-top elementor-widget elementor-widget-image-box\" data-id=\"ebc85f6\" data-element_type=\"widget\" data-e-type=\"widget\" data-widget_type=\"image-box.default\">\n\t\t\t\t<div class=\"elementor-widget-container\">\n\t\t\t\t\t<div class=\"elementor-image-box-wrapper\"><figure class=\"elementor-image-box-img\"><a href=\"https:\/\/rehabartels-conjar.hr\/domino\/\" tabindex=\"-1\"><img fetchpriority=\"high\" decoding=\"async\" width=\"600\" height=\"600\" src=\"https:\/\/rehabartels-conjar.hr\/wp-content\/uploads\/2021\/07\/domino-people-sidebar.jpg\" class=\"attachment-full size-full wp-image-1958\" alt=\"\" srcset=\"https:\/\/rehabartels-conjar.hr\/wp-content\/uploads\/2021\/07\/domino-people-sidebar.jpg 600w, https:\/\/rehabartels-conjar.hr\/wp-content\/uploads\/2021\/07\/domino-people-sidebar-300x300.jpg 300w, https:\/\/rehabartels-conjar.hr\/wp-content\/uploads\/2021\/07\/domino-people-sidebar-150x150.jpg 150w, https:\/\/rehabartels-conjar.hr\/wp-content\/uploads\/2021\/07\/domino-people-sidebar-500x500.jpg 500w, https:\/\/rehabartels-conjar.hr\/wp-content\/uploads\/2021\/07\/domino-people-sidebar-100x100.jpg 100w\" sizes=\"(max-width: 600px) 100vw, 600px\" \/><\/a><\/figure><div class=\"elementor-image-box-content\"><h3 class=\"elementor-image-box-title\"><a href=\"https:\/\/rehabartels-conjar.hr\/domino\/\">Domino<\/a><\/h3><p class=\"elementor-image-box-description\">Domino je gusjeni\u010dar pogodan za kolica na vlastiti pogon, kao i za kolica koja se ru\u010dno guraju.<\/p><\/div><\/div>\t\t\t\t<\/div>\n\t\t\t\t<\/div>\n\t\t\t\t\t<\/div>\n\t\t<\/div>\n\t\t\t\t<div class=\"elementor-column elementor-col-33 elementor-top-column elementor-element elementor-element-a489c06\" data-id=\"a489c06\" data-element_type=\"column\" data-e-type=\"column\">\n\t\t\t<div class=\"elementor-widget-wrap elementor-element-populated\">\n\t\t\t\t\t\t<div class=\"elementor-element elementor-element-d39a60d elementor-position-top elementor-widget elementor-widget-image-box\" data-id=\"d39a60d\" data-element_type=\"widget\" data-e-type=\"widget\" data-widget_type=\"image-box.default\">\n\t\t\t\t<div class=\"elementor-widget-container\">\n\t\t\t\t\t<div class=\"elementor-image-box-wrapper\"><figure class=\"elementor-image-box-img\"><a href=\"https:\/\/rehabartels-conjar.hr\/gusjenicari\/yack\/\" tabindex=\"-1\"><img decoding=\"async\" width=\"600\" height=\"600\" src=\"https:\/\/rehabartels-conjar.hr\/wp-content\/uploads\/2024\/05\/N971N971H1N971H.jpeg\" class=\"attachment-full size-full wp-image-3710\" alt=\"\" srcset=\"https:\/\/rehabartels-conjar.hr\/wp-content\/uploads\/2024\/05\/N971N971H1N971H.jpeg 600w, https:\/\/rehabartels-conjar.hr\/wp-content\/uploads\/2024\/05\/N971N971H1N971H-300x300.jpeg 300w, https:\/\/rehabartels-conjar.hr\/wp-content\/uploads\/2024\/05\/N971N971H1N971H-150x150.jpeg 150w, https:\/\/rehabartels-conjar.hr\/wp-content\/uploads\/2024\/05\/N971N971H1N971H-500x500.jpeg 500w\" sizes=\"(max-width: 600px) 100vw, 600px\" \/><\/a><\/figure><div class=\"elementor-image-box-content\"><h3 class=\"elementor-image-box-title\"><a href=\"https:\/\/rehabartels-conjar.hr\/gusjenicari\/yack\/\">Yack<\/a><\/h3><p class=\"elementor-image-box-description\">Gusjeni\u010dar Yack namijenjen je osobama s pote\u0161ko\u0107ama u kretanju i invalidima koji svakodnevno moraju prevladavati visinske arhitektonske barijere.<\/p><\/div><\/div>\t\t\t\t<\/div>\n\t\t\t\t<\/div>\n\t\t\t\t\t<\/div>\n\t\t<\/div>\n\t\t\t\t<div class=\"elementor-column elementor-col-33 elementor-top-column elementor-element elementor-element-4067e22\" data-id=\"4067e22\" data-element_type=\"column\" data-e-type=\"column\">\n\t\t\t<div class=\"elementor-widget-wrap elementor-element-populated\">\n\t\t\t\t\t\t<div class=\"elementor-element elementor-element-65abeb5 elementor-position-top elementor-widget elementor-widget-image-box\" data-id=\"65abeb5\" data-element_type=\"widget\" data-e-type=\"widget\" data-widget_type=\"image-box.default\">\n\t\t\t\t<div class=\"elementor-widget-container\">\n\t\t\t\t\t<div class=\"elementor-image-box-wrapper\"><figure class=\"elementor-image-box-img\"><a href=\"https:\/\/rehabartels-conjar.hr\/t09-roby\/\" tabindex=\"-1\"><img decoding=\"async\" width=\"600\" height=\"600\" src=\"https:\/\/rehabartels-conjar.hr\/wp-content\/uploads\/2021\/07\/t09-roby-sidebar.jpg\" class=\"attachment-full size-full wp-image-1959\" alt=\"\" srcset=\"https:\/\/rehabartels-conjar.hr\/wp-content\/uploads\/2021\/07\/t09-roby-sidebar.jpg 600w, https:\/\/rehabartels-conjar.hr\/wp-content\/uploads\/2021\/07\/t09-roby-sidebar-300x300.jpg 300w, https:\/\/rehabartels-conjar.hr\/wp-content\/uploads\/2021\/07\/t09-roby-sidebar-150x150.jpg 150w, https:\/\/rehabartels-conjar.hr\/wp-content\/uploads\/2021\/07\/t09-roby-sidebar-500x500.jpg 500w, https:\/\/rehabartels-conjar.hr\/wp-content\/uploads\/2021\/07\/t09-roby-sidebar-100x100.jpg 100w\" sizes=\"(max-width: 600px) 100vw, 600px\" \/><\/a><\/figure><div class=\"elementor-image-box-content\"><h3 class=\"elementor-image-box-title\"><a href=\"https:\/\/rehabartels-conjar.hr\/t09-roby\/\">T09 Roby<\/a><\/h3><p class=\"elementor-image-box-description\">T09 Roby je mobilni ure\u0111aj za invalidska kolica koje pru\u017ea besprijekornu udobnost i sigurnost. <\/p><\/div><\/div>\t\t\t\t<\/div>\n\t\t\t\t<\/div>\n\t\t\t\t\t<\/div>\n\t\t<\/div>\n\t\t\t\t\t<\/div>\n\t\t<\/section>\n\t\t\t\t<section class=\"elementor-section elementor-top-section elementor-element elementor-element-2f57592 elementor-section-boxed elementor-section-height-default elementor-section-height-default\" data-id=\"2f57592\" data-element_type=\"section\" data-e-type=\"section\" data-settings=\"{&quot;jet_parallax_layout_list&quot;:[{&quot;jet_parallax_layout_image&quot;:{&quot;url&quot;:&quot;&quot;,&quot;id&quot;:&quot;&quot;,&quot;size&quot;:&quot;&quot;},&quot;_id&quot;:&quot;ac3b29c&quot;,&quot;jet_parallax_layout_image_tablet&quot;:{&quot;url&quot;:&quot;&quot;,&quot;id&quot;:&quot;&quot;,&quot;size&quot;:&quot;&quot;},&quot;jet_parallax_layout_image_mobile&quot;:{&quot;url&quot;:&quot;&quot;,&quot;id&quot;:&quot;&quot;,&quot;size&quot;:&quot;&quot;},&quot;jet_parallax_layout_speed&quot;:{&quot;unit&quot;:&quot;%&quot;,&quot;size&quot;:50,&quot;sizes&quot;:[]},&quot;jet_parallax_layout_type&quot;:&quot;scroll&quot;,&quot;jet_parallax_layout_direction&quot;:null,&quot;jet_parallax_layout_fx_direction&quot;:null,&quot;jet_parallax_layout_z_index&quot;:&quot;&quot;,&quot;jet_parallax_layout_bg_x&quot;:50,&quot;jet_parallax_layout_bg_x_tablet&quot;:&quot;&quot;,&quot;jet_parallax_layout_bg_x_mobile&quot;:&quot;&quot;,&quot;jet_parallax_layout_bg_y&quot;:50,&quot;jet_parallax_layout_bg_y_tablet&quot;:&quot;&quot;,&quot;jet_parallax_layout_bg_y_mobile&quot;:&quot;&quot;,&quot;jet_parallax_layout_bg_size&quot;:&quot;auto&quot;,&quot;jet_parallax_layout_bg_size_tablet&quot;:&quot;&quot;,&quot;jet_parallax_layout_bg_size_mobile&quot;:&quot;&quot;,&quot;jet_parallax_layout_animation_prop&quot;:&quot;transform&quot;,&quot;jet_parallax_layout_on&quot;:[&quot;desktop&quot;,&quot;tablet&quot;]}]}\">\n\t\t\t\t\t\t<div class=\"elementor-container elementor-column-gap-default\">\n\t\t\t\t\t<div class=\"elementor-column elementor-col-33 elementor-top-column elementor-element elementor-element-ae7ce2e\" data-id=\"ae7ce2e\" data-element_type=\"column\" data-e-type=\"column\">\n\t\t\t<div class=\"elementor-widget-wrap elementor-element-populated\">\n\t\t\t\t\t\t<div class=\"elementor-element elementor-element-2186f07 elementor-position-top elementor-widget elementor-widget-image-box\" data-id=\"2186f07\" data-element_type=\"widget\" data-e-type=\"widget\" data-widget_type=\"image-box.default\">\n\t\t\t\t<div class=\"elementor-widget-container\">\n\t\t\t\t\t<div class=\"elementor-image-box-wrapper\"><figure class=\"elementor-image-box-img\"><a href=\"https:\/\/rehabartels-conjar.hr\/gusjenicari\/lg2020\/\" tabindex=\"-1\"><img loading=\"lazy\" decoding=\"async\" width=\"1000\" height=\"1000\" src=\"https:\/\/rehabartels-conjar.hr\/wp-content\/uploads\/2026\/04\/lg2020.webp\" class=\"attachment-full size-full wp-image-5050\" alt=\"\" srcset=\"https:\/\/rehabartels-conjar.hr\/wp-content\/uploads\/2026\/04\/lg2020.webp 1000w, https:\/\/rehabartels-conjar.hr\/wp-content\/uploads\/2026\/04\/lg2020-300x300.webp 300w, https:\/\/rehabartels-conjar.hr\/wp-content\/uploads\/2026\/04\/lg2020-150x150.webp 150w, https:\/\/rehabartels-conjar.hr\/wp-content\/uploads\/2026\/04\/lg2020-768x768.webp 768w, https:\/\/rehabartels-conjar.hr\/wp-content\/uploads\/2026\/04\/lg2020-12x12.webp 12w, https:\/\/rehabartels-conjar.hr\/wp-content\/uploads\/2026\/04\/lg2020-500x500.webp 500w\" sizes=\"(max-width: 1000px) 100vw, 1000px\" \/><\/a><\/figure><div class=\"elementor-image-box-content\"><h3 class=\"elementor-image-box-title\"><a href=\"https:\/\/rehabartels-conjar.hr\/gusjenicari\/lg2020\/\">LG2020<\/a><\/h3><p class=\"elementor-image-box-description\">LG 2020 je lagan i kompaktan penja\u010d za stepenice dizajniran za jednostavno kretanje u ku\u0107nim uvjetima.<\/p><\/div><\/div>\t\t\t\t<\/div>\n\t\t\t\t<\/div>\n\t\t\t\t\t<\/div>\n\t\t<\/div>\n\t\t\t\t<div class=\"elementor-column elementor-col-33 elementor-top-column elementor-element elementor-element-9332680\" data-id=\"9332680\" data-element_type=\"column\" data-e-type=\"column\">\n\t\t\t<div class=\"elementor-widget-wrap\">\n\t\t\t\t\t\t\t<\/div>\n\t\t<\/div>\n\t\t\t\t<div class=\"elementor-column elementor-col-33 elementor-top-column elementor-element elementor-element-350db38\" data-id=\"350db38\" data-element_type=\"column\" data-e-type=\"column\">\n\t\t\t<div class=\"elementor-widget-wrap\">\n\t\t\t\t\t\t\t<\/div>\n\t\t<\/div>\n\t\t\t\t\t<\/div>\n\t\t<\/section>\n\t\t\t\t<\/div>\n\t\t","protected":false},"excerpt":{"rendered":"<p>Domino Domino je gusjeni\u010dar pogodan za kolica na vlastiti pogon, kao i za kolica koja se ru\u010dno guraju. Yack Gusjeni\u010dar Yack namijenjen je osobama s pote\u0161ko\u0107ama u kretanju i invalidima koji svakodnevno moraju prevladavati visinske arhitektonske barijere. T09 Roby T09 Roby je mobilni ure\u0111aj za invalidska kolica koje pru\u017ea besprijekornu udobnost i sigurnost. LG2020 LG [&hellip;]<\/p>\n","protected":false},"author":1,"featured_media":0,"parent":0,"menu_order":0,"comment_status":"closed","ping_status":"closed","template":"","meta":{"_acf_changed":false,"_exactmetrics_skip_tracking":false,"_exactmetrics_sitenote_active":false,"_exactmetrics_sitenote_note":"","_exactmetrics_sitenote_category":0,"footnotes":""},"class_list":["post-2266","page","type-page","status-publish","hentry"],"acf":[],"aioseo_notices":[],"_links":{"self":[{"href":"https:\/\/rehabartels-conjar.hr\/en\/wp-json\/wp\/v2\/pages\/2266","targetHints":{"allow":["GET"]}}],"collection":[{"href":"https:\/\/rehabartels-conjar.hr\/en\/wp-json\/wp\/v2\/pages"}],"about":[{"href":"https:\/\/rehabartels-conjar.hr\/en\/wp-json\/wp\/v2\/types\/page"}],"author":[{"embeddable":true,"href":"https:\/\/rehabartels-conjar.hr\/en\/wp-json\/wp\/v2\/users\/1"}],"replies":[{"embeddable":true,"href":"https:\/\/rehabartels-conjar.hr\/en\/wp-json\/wp\/v2\/comments?post=2266"}],"version-history":[{"count":25,"href":"https:\/\/rehabartels-conjar.hr\/en\/wp-json\/wp\/v2\/pages\/2266\/revisions"}],"predecessor-version":[{"id":5171,"href":"https:\/\/rehabartels-conjar.hr\/en\/wp-json\/wp\/v2\/pages\/2266\/revisions\/5171"}],"wp:attachment":[{"href":"https:\/\/rehabartels-conjar.hr\/en\/wp-json\/wp\/v2\/media?parent=2266"}],"curies":[{"name":"wp","href":"https:\/\/api.w.org\/{rel}","templated":true}]}}