{"id":2261,"date":"2021-07-19T12:52:16","date_gmt":"2021-07-19T12:52:16","guid":{"rendered":"https:\/\/rehabartels-conjar.hr\/dev\/?page_id=2261"},"modified":"2026-04-23T07:32:56","modified_gmt":"2026-04-23T07:32:56","slug":"vertikalne-platforme","status":"publish","type":"page","link":"https:\/\/rehabartels-conjar.hr\/en\/vertikalne-platforme\/","title":{"rendered":"Vertical platforms"},"content":{"rendered":"\t\t<div data-elementor-type=\"wp-page\" data-elementor-id=\"2261\" class=\"elementor elementor-2261\" data-elementor-post-type=\"page\">\n\t\t\t\t\t\t<section class=\"elementor-section elementor-top-section elementor-element elementor-element-2c47f96 elementor-section-boxed elementor-section-height-default elementor-section-height-default\" data-id=\"2c47f96\" data-element_type=\"section\" data-e-type=\"section\" data-settings=\"{&quot;jet_parallax_layout_list&quot;:[{&quot;jet_parallax_layout_image&quot;:{&quot;url&quot;:&quot;&quot;,&quot;id&quot;:&quot;&quot;,&quot;size&quot;:&quot;&quot;},&quot;_id&quot;:&quot;ac3b29c&quot;,&quot;jet_parallax_layout_image_tablet&quot;:{&quot;url&quot;:&quot;&quot;,&quot;id&quot;:&quot;&quot;,&quot;size&quot;:&quot;&quot;},&quot;jet_parallax_layout_image_mobile&quot;:{&quot;url&quot;:&quot;&quot;,&quot;id&quot;:&quot;&quot;,&quot;size&quot;:&quot;&quot;},&quot;jet_parallax_layout_speed&quot;:{&quot;unit&quot;:&quot;%&quot;,&quot;size&quot;:50,&quot;sizes&quot;:[]},&quot;jet_parallax_layout_type&quot;:&quot;scroll&quot;,&quot;jet_parallax_layout_direction&quot;:null,&quot;jet_parallax_layout_fx_direction&quot;:null,&quot;jet_parallax_layout_z_index&quot;:&quot;&quot;,&quot;jet_parallax_layout_bg_x&quot;:50,&quot;jet_parallax_layout_bg_x_tablet&quot;:&quot;&quot;,&quot;jet_parallax_layout_bg_x_mobile&quot;:&quot;&quot;,&quot;jet_parallax_layout_bg_y&quot;:50,&quot;jet_parallax_layout_bg_y_tablet&quot;:&quot;&quot;,&quot;jet_parallax_layout_bg_y_mobile&quot;:&quot;&quot;,&quot;jet_parallax_layout_bg_size&quot;:&quot;auto&quot;,&quot;jet_parallax_layout_bg_size_tablet&quot;:&quot;&quot;,&quot;jet_parallax_layout_bg_size_mobile&quot;:&quot;&quot;,&quot;jet_parallax_layout_animation_prop&quot;:&quot;transform&quot;,&quot;jet_parallax_layout_on&quot;:[&quot;desktop&quot;,&quot;tablet&quot;]}]}\">\n\t\t\t\t\t\t<div class=\"elementor-container elementor-column-gap-default\">\n\t\t\t\t\t<div class=\"elementor-column elementor-col-33 elementor-top-column elementor-element elementor-element-78dc82c\" data-id=\"78dc82c\" data-element_type=\"column\" data-e-type=\"column\">\n\t\t\t<div class=\"elementor-widget-wrap elementor-element-populated\">\n\t\t\t\t\t\t<div class=\"elementor-element elementor-element-253c402 elementor-position-top elementor-widget elementor-widget-image-box\" data-id=\"253c402\" data-element_type=\"widget\" data-e-type=\"widget\" data-widget_type=\"image-box.default\">\n\t\t\t\t<div class=\"elementor-widget-container\">\n\t\t\t\t\t<div class=\"elementor-image-box-wrapper\"><figure class=\"elementor-image-box-img\"><a href=\"https:\/\/rehabartels-conjar.hr\/vertikalne-platforme\/sigma\/\" tabindex=\"-1\"><img fetchpriority=\"high\" decoding=\"async\" width=\"600\" height=\"600\" src=\"https:\/\/rehabartels-conjar.hr\/wp-content\/uploads\/2024\/05\/sigma.png\" class=\"attachment-full size-full wp-image-3924\" alt=\"\" srcset=\"https:\/\/rehabartels-conjar.hr\/wp-content\/uploads\/2024\/05\/sigma.png 600w, https:\/\/rehabartels-conjar.hr\/wp-content\/uploads\/2024\/05\/sigma-300x300.png 300w, https:\/\/rehabartels-conjar.hr\/wp-content\/uploads\/2024\/05\/sigma-150x150.png 150w, https:\/\/rehabartels-conjar.hr\/wp-content\/uploads\/2024\/05\/sigma-500x500.png 500w\" sizes=\"(max-width: 600px) 100vw, 600px\" \/><\/a><\/figure><div class=\"elementor-image-box-content\"><h3 class=\"elementor-image-box-title\"><a href=\"https:\/\/rehabartels-conjar.hr\/vertikalne-platforme\/sigma\/\">Sigma<\/a><\/h3><p class=\"elementor-image-box-description\">Vertikalno dizalo s modernim dizajnom i visokokvalitetnom proizvodnjom namijenjeno je za unutarnju i vanjsku upotrebu. <\/p><\/div><\/div>\t\t\t\t<\/div>\n\t\t\t\t<\/div>\n\t\t\t\t\t<\/div>\n\t\t<\/div>\n\t\t\t\t<div class=\"elementor-column elementor-col-33 elementor-top-column elementor-element elementor-element-065ce3d\" data-id=\"065ce3d\" data-element_type=\"column\" data-e-type=\"column\">\n\t\t\t<div class=\"elementor-widget-wrap elementor-element-populated\">\n\t\t\t\t\t\t<div class=\"elementor-element elementor-element-ef56a06 elementor-position-top elementor-widget elementor-widget-image-box\" data-id=\"ef56a06\" data-element_type=\"widget\" data-e-type=\"widget\" data-widget_type=\"image-box.default\">\n\t\t\t\t<div class=\"elementor-widget-container\">\n\t\t\t\t\t<div class=\"elementor-image-box-wrapper\"><figure class=\"elementor-image-box-img\"><a href=\"https:\/\/rehabartels-conjar.hr\/vertikalne-platforme\/elevex\/\" tabindex=\"-1\"><img decoding=\"async\" width=\"600\" height=\"600\" src=\"https:\/\/rehabartels-conjar.hr\/wp-content\/uploads\/2021\/07\/elevax-sidebar.jpg\" class=\"attachment-full size-full wp-image-1948\" alt=\"\" srcset=\"https:\/\/rehabartels-conjar.hr\/wp-content\/uploads\/2021\/07\/elevax-sidebar.jpg 600w, https:\/\/rehabartels-conjar.hr\/wp-content\/uploads\/2021\/07\/elevax-sidebar-300x300.jpg 300w, https:\/\/rehabartels-conjar.hr\/wp-content\/uploads\/2021\/07\/elevax-sidebar-150x150.jpg 150w, https:\/\/rehabartels-conjar.hr\/wp-content\/uploads\/2021\/07\/elevax-sidebar-500x500.jpg 500w, https:\/\/rehabartels-conjar.hr\/wp-content\/uploads\/2021\/07\/elevax-sidebar-100x100.jpg 100w\" sizes=\"(max-width: 600px) 100vw, 600px\" \/><\/a><\/figure><div class=\"elementor-image-box-content\"><h3 class=\"elementor-image-box-title\"><a href=\"https:\/\/rehabartels-conjar.hr\/vertikalne-platforme\/elevex\/\">Elevex<\/a><\/h3><p class=\"elementor-image-box-description\">Vertikalno dizalo za vanjsku upotrebu koje se podi\u017ee na visinu do 4 metra.<\/p><\/div><\/div>\t\t\t\t<\/div>\n\t\t\t\t<\/div>\n\t\t\t\t\t<\/div>\n\t\t<\/div>\n\t\t\t\t<div class=\"elementor-column elementor-col-33 elementor-top-column elementor-element elementor-element-35ef853\" data-id=\"35ef853\" data-element_type=\"column\" data-e-type=\"column\">\n\t\t\t<div class=\"elementor-widget-wrap elementor-element-populated\">\n\t\t\t\t\t\t<div class=\"elementor-element elementor-element-a76fc2a elementor-position-top elementor-widget elementor-widget-image-box\" data-id=\"a76fc2a\" data-element_type=\"widget\" data-e-type=\"widget\" data-widget_type=\"image-box.default\">\n\t\t\t\t<div class=\"elementor-widget-container\">\n\t\t\t\t\t<div class=\"elementor-image-box-wrapper\"><figure class=\"elementor-image-box-img\"><a href=\"https:\/\/rehabartels-conjar.hr\/liftboy-1-2\/\" tabindex=\"-1\"><img decoding=\"async\" width=\"600\" height=\"600\" src=\"https:\/\/rehabartels-conjar.hr\/wp-content\/uploads\/2021\/07\/liftboy-1-2-sidebar.jpg\" class=\"attachment-full size-full wp-image-1949\" alt=\"\" srcset=\"https:\/\/rehabartels-conjar.hr\/wp-content\/uploads\/2021\/07\/liftboy-1-2-sidebar.jpg 600w, https:\/\/rehabartels-conjar.hr\/wp-content\/uploads\/2021\/07\/liftboy-1-2-sidebar-300x300.jpg 300w, https:\/\/rehabartels-conjar.hr\/wp-content\/uploads\/2021\/07\/liftboy-1-2-sidebar-150x150.jpg 150w, https:\/\/rehabartels-conjar.hr\/wp-content\/uploads\/2021\/07\/liftboy-1-2-sidebar-500x500.jpg 500w, https:\/\/rehabartels-conjar.hr\/wp-content\/uploads\/2021\/07\/liftboy-1-2-sidebar-100x100.jpg 100w\" sizes=\"(max-width: 600px) 100vw, 600px\" \/><\/a><\/figure><div class=\"elementor-image-box-content\"><h3 class=\"elementor-image-box-title\"><a href=\"https:\/\/rehabartels-conjar.hr\/liftboy-1-2\/\">Liftboy 1&amp;2&amp;3<\/a><\/h3><p class=\"elementor-image-box-description\">Liftboy je vertikalna platforma koja se podi\u017ee na visinu do 830 mm.<\/p><\/div><\/div>\t\t\t\t<\/div>\n\t\t\t\t<\/div>\n\t\t\t\t\t<\/div>\n\t\t<\/div>\n\t\t\t\t\t<\/div>\n\t\t<\/section>\n\t\t\t\t<section class=\"elementor-section elementor-top-section elementor-element elementor-element-a561609 elementor-section-boxed elementor-section-height-default elementor-section-height-default\" data-id=\"a561609\" data-element_type=\"section\" data-e-type=\"section\" data-settings=\"{&quot;jet_parallax_layout_list&quot;:[{&quot;jet_parallax_layout_image&quot;:{&quot;url&quot;:&quot;&quot;,&quot;id&quot;:&quot;&quot;,&quot;size&quot;:&quot;&quot;},&quot;_id&quot;:&quot;ac3b29c&quot;,&quot;jet_parallax_layout_image_tablet&quot;:{&quot;url&quot;:&quot;&quot;,&quot;id&quot;:&quot;&quot;,&quot;size&quot;:&quot;&quot;},&quot;jet_parallax_layout_image_mobile&quot;:{&quot;url&quot;:&quot;&quot;,&quot;id&quot;:&quot;&quot;,&quot;size&quot;:&quot;&quot;},&quot;jet_parallax_layout_speed&quot;:{&quot;unit&quot;:&quot;%&quot;,&quot;size&quot;:50,&quot;sizes&quot;:[]},&quot;jet_parallax_layout_type&quot;:&quot;scroll&quot;,&quot;jet_parallax_layout_direction&quot;:null,&quot;jet_parallax_layout_fx_direction&quot;:null,&quot;jet_parallax_layout_z_index&quot;:&quot;&quot;,&quot;jet_parallax_layout_bg_x&quot;:50,&quot;jet_parallax_layout_bg_x_tablet&quot;:&quot;&quot;,&quot;jet_parallax_layout_bg_x_mobile&quot;:&quot;&quot;,&quot;jet_parallax_layout_bg_y&quot;:50,&quot;jet_parallax_layout_bg_y_tablet&quot;:&quot;&quot;,&quot;jet_parallax_layout_bg_y_mobile&quot;:&quot;&quot;,&quot;jet_parallax_layout_bg_size&quot;:&quot;auto&quot;,&quot;jet_parallax_layout_bg_size_tablet&quot;:&quot;&quot;,&quot;jet_parallax_layout_bg_size_mobile&quot;:&quot;&quot;,&quot;jet_parallax_layout_animation_prop&quot;:&quot;transform&quot;,&quot;jet_parallax_layout_on&quot;:[&quot;desktop&quot;,&quot;tablet&quot;]}]}\">\n\t\t\t\t\t\t<div class=\"elementor-container elementor-column-gap-default\">\n\t\t\t\t\t<div class=\"elementor-column elementor-col-33 elementor-top-column elementor-element elementor-element-2cb5576\" data-id=\"2cb5576\" data-element_type=\"column\" data-e-type=\"column\">\n\t\t\t<div class=\"elementor-widget-wrap elementor-element-populated\">\n\t\t\t\t\t\t<div class=\"elementor-element elementor-element-34bd4ce elementor-position-top elementor-widget elementor-widget-image-box\" data-id=\"34bd4ce\" data-element_type=\"widget\" data-e-type=\"widget\" data-widget_type=\"image-box.default\">\n\t\t\t\t<div class=\"elementor-widget-container\">\n\t\t\t\t\t<div class=\"elementor-image-box-wrapper\"><figure class=\"elementor-image-box-img\"><a href=\"https:\/\/rehabartels-conjar.hr\/liftboy-4\/\" tabindex=\"-1\"><img loading=\"lazy\" decoding=\"async\" width=\"2000\" height=\"2000\" src=\"https:\/\/rehabartels-conjar.hr\/wp-content\/uploads\/2024\/04\/Screenshot_2.png\" class=\"attachment-full size-full wp-image-3587\" alt=\"liftboy4sastrane\" srcset=\"https:\/\/rehabartels-conjar.hr\/wp-content\/uploads\/2024\/04\/Screenshot_2.png 2000w, https:\/\/rehabartels-conjar.hr\/wp-content\/uploads\/2024\/04\/Screenshot_2-300x300.png 300w, https:\/\/rehabartels-conjar.hr\/wp-content\/uploads\/2024\/04\/Screenshot_2-1024x1024.png 1024w, https:\/\/rehabartels-conjar.hr\/wp-content\/uploads\/2024\/04\/Screenshot_2-150x150.png 150w, https:\/\/rehabartels-conjar.hr\/wp-content\/uploads\/2024\/04\/Screenshot_2-768x768.png 768w, https:\/\/rehabartels-conjar.hr\/wp-content\/uploads\/2024\/04\/Screenshot_2-1536x1536.png 1536w, https:\/\/rehabartels-conjar.hr\/wp-content\/uploads\/2024\/04\/Screenshot_2-500x500.png 500w\" sizes=\"(max-width: 2000px) 100vw, 2000px\" \/><\/a><\/figure><div class=\"elementor-image-box-content\"><h3 class=\"elementor-image-box-title\"><a href=\"https:\/\/rehabartels-conjar.hr\/liftboy-4\/\">Liftboy 4<\/a><\/h3><p class=\"elementor-image-box-description\">Liftboy 4 je mobilna vertikalna platforma i mo\u017ee se koristiti za unutarnju i vanjsku upotrebu.<\/p><\/div><\/div>\t\t\t\t<\/div>\n\t\t\t\t<\/div>\n\t\t\t\t\t<\/div>\n\t\t<\/div>\n\t\t\t\t<div class=\"elementor-column elementor-col-33 elementor-top-column elementor-element elementor-element-f2c1ba8\" data-id=\"f2c1ba8\" data-element_type=\"column\" data-e-type=\"column\">\n\t\t\t<div class=\"elementor-widget-wrap elementor-element-populated\">\n\t\t\t\t\t\t<div class=\"elementor-element elementor-element-73175c4 elementor-position-top elementor-widget elementor-widget-image-box\" data-id=\"73175c4\" data-element_type=\"widget\" data-e-type=\"widget\" data-widget_type=\"image-box.default\">\n\t\t\t\t<div class=\"elementor-widget-container\">\n\t\t\t\t\t<div class=\"elementor-image-box-wrapper\"><figure class=\"elementor-image-box-img\"><a href=\"https:\/\/rehabartels-conjar.hr\/liftboy-5\/\" tabindex=\"-1\"><img loading=\"lazy\" decoding=\"async\" width=\"600\" height=\"600\" src=\"https:\/\/rehabartels-conjar.hr\/wp-content\/uploads\/2021\/07\/liftboy-5-sidebar.jpg\" class=\"attachment-full size-full wp-image-1950\" alt=\"\" srcset=\"https:\/\/rehabartels-conjar.hr\/wp-content\/uploads\/2021\/07\/liftboy-5-sidebar.jpg 600w, https:\/\/rehabartels-conjar.hr\/wp-content\/uploads\/2021\/07\/liftboy-5-sidebar-300x300.jpg 300w, https:\/\/rehabartels-conjar.hr\/wp-content\/uploads\/2021\/07\/liftboy-5-sidebar-150x150.jpg 150w, https:\/\/rehabartels-conjar.hr\/wp-content\/uploads\/2021\/07\/liftboy-5-sidebar-500x500.jpg 500w, https:\/\/rehabartels-conjar.hr\/wp-content\/uploads\/2021\/07\/liftboy-5-sidebar-100x100.jpg 100w\" sizes=\"(max-width: 600px) 100vw, 600px\" \/><\/a><\/figure><div class=\"elementor-image-box-content\"><h3 class=\"elementor-image-box-title\"><a href=\"https:\/\/rehabartels-conjar.hr\/liftboy-5\/\">Liftboy 5<\/a><\/h3><p class=\"elementor-image-box-description\">Liftboy 5 je jedinstvena vertikalna platforma s visinom podizanja do 1300 mm koju pokre\u0107u dva elektro motora.<\/p><\/div><\/div>\t\t\t\t<\/div>\n\t\t\t\t<\/div>\n\t\t\t\t\t<\/div>\n\t\t<\/div>\n\t\t\t\t<div class=\"elementor-column elementor-col-33 elementor-top-column elementor-element elementor-element-cdd1ff0\" data-id=\"cdd1ff0\" data-element_type=\"column\" data-e-type=\"column\">\n\t\t\t<div class=\"elementor-widget-wrap\">\n\t\t\t\t\t\t\t<\/div>\n\t\t<\/div>\n\t\t\t\t\t<\/div>\n\t\t<\/section>\n\t\t\t\t<\/div>\n\t\t","protected":false},"excerpt":{"rendered":"<p>Sigma Vertikalno dizalo s modernim dizajnom i visokokvalitetnom proizvodnjom namijenjeno je za unutarnju i vanjsku upotrebu. Elevex Vertikalno dizalo za vanjsku upotrebu koje se podi\u017ee na visinu do 4 metra. Liftboy 1&amp;2&amp;3 Liftboy je vertikalna platforma koja se podi\u017ee na visinu do 830 mm. Liftboy 4 Liftboy 4 je mobilna vertikalna platforma i mo\u017ee se [&hellip;]<\/p>\n","protected":false},"author":1,"featured_media":0,"parent":0,"menu_order":0,"comment_status":"closed","ping_status":"closed","template":"","meta":{"_acf_changed":false,"_exactmetrics_skip_tracking":false,"_exactmetrics_sitenote_active":false,"_exactmetrics_sitenote_note":"","_exactmetrics_sitenote_category":0,"footnotes":""},"class_list":["post-2261","page","type-page","status-publish","hentry"],"acf":[],"aioseo_notices":[],"_links":{"self":[{"href":"https:\/\/rehabartels-conjar.hr\/en\/wp-json\/wp\/v2\/pages\/2261","targetHints":{"allow":["GET"]}}],"collection":[{"href":"https:\/\/rehabartels-conjar.hr\/en\/wp-json\/wp\/v2\/pages"}],"about":[{"href":"https:\/\/rehabartels-conjar.hr\/en\/wp-json\/wp\/v2\/types\/page"}],"author":[{"embeddable":true,"href":"https:\/\/rehabartels-conjar.hr\/en\/wp-json\/wp\/v2\/users\/1"}],"replies":[{"embeddable":true,"href":"https:\/\/rehabartels-conjar.hr\/en\/wp-json\/wp\/v2\/comments?post=2261"}],"version-history":[{"count":28,"href":"https:\/\/rehabartels-conjar.hr\/en\/wp-json\/wp\/v2\/pages\/2261\/revisions"}],"predecessor-version":[{"id":5162,"href":"https:\/\/rehabartels-conjar.hr\/en\/wp-json\/wp\/v2\/pages\/2261\/revisions\/5162"}],"wp:attachment":[{"href":"https:\/\/rehabartels-conjar.hr\/en\/wp-json\/wp\/v2\/media?parent=2261"}],"curies":[{"name":"wp","href":"https:\/\/api.w.org\/{rel}","templated":true}]}}