{"id":2241,"date":"2021-07-19T12:41:13","date_gmt":"2021-07-19T12:41:13","guid":{"rendered":"https:\/\/rehabartels-conjar.hr\/dev\/?page_id=2241"},"modified":"2026-04-23T06:33:03","modified_gmt":"2026-04-23T06:33:03","slug":"koso-podizne-platforme","status":"publish","type":"page","link":"https:\/\/rehabartels-conjar.hr\/en\/koso-podizne-platforme\/","title":{"rendered":"Inclined Platform Lift"},"content":{"rendered":"\t\t<div data-elementor-type=\"wp-page\" data-elementor-id=\"2241\" class=\"elementor elementor-2241\" data-elementor-post-type=\"page\">\n\t\t\t\t\t\t<section class=\"elementor-section elementor-top-section elementor-element elementor-element-8391dd1 elementor-section-boxed elementor-section-height-default elementor-section-height-default\" data-id=\"8391dd1\" data-element_type=\"section\" data-e-type=\"section\" data-settings=\"{&quot;jet_parallax_layout_list&quot;:[{&quot;jet_parallax_layout_image&quot;:{&quot;url&quot;:&quot;&quot;,&quot;id&quot;:&quot;&quot;,&quot;size&quot;:&quot;&quot;},&quot;_id&quot;:&quot;ac3b29c&quot;,&quot;jet_parallax_layout_image_tablet&quot;:{&quot;url&quot;:&quot;&quot;,&quot;id&quot;:&quot;&quot;,&quot;size&quot;:&quot;&quot;},&quot;jet_parallax_layout_image_mobile&quot;:{&quot;url&quot;:&quot;&quot;,&quot;id&quot;:&quot;&quot;,&quot;size&quot;:&quot;&quot;},&quot;jet_parallax_layout_speed&quot;:{&quot;unit&quot;:&quot;%&quot;,&quot;size&quot;:50,&quot;sizes&quot;:[]},&quot;jet_parallax_layout_type&quot;:&quot;scroll&quot;,&quot;jet_parallax_layout_direction&quot;:null,&quot;jet_parallax_layout_fx_direction&quot;:null,&quot;jet_parallax_layout_z_index&quot;:&quot;&quot;,&quot;jet_parallax_layout_bg_x&quot;:50,&quot;jet_parallax_layout_bg_x_tablet&quot;:&quot;&quot;,&quot;jet_parallax_layout_bg_x_mobile&quot;:&quot;&quot;,&quot;jet_parallax_layout_bg_y&quot;:50,&quot;jet_parallax_layout_bg_y_tablet&quot;:&quot;&quot;,&quot;jet_parallax_layout_bg_y_mobile&quot;:&quot;&quot;,&quot;jet_parallax_layout_bg_size&quot;:&quot;auto&quot;,&quot;jet_parallax_layout_bg_size_tablet&quot;:&quot;&quot;,&quot;jet_parallax_layout_bg_size_mobile&quot;:&quot;&quot;,&quot;jet_parallax_layout_animation_prop&quot;:&quot;transform&quot;,&quot;jet_parallax_layout_on&quot;:[&quot;desktop&quot;,&quot;tablet&quot;]}]}\">\n\t\t\t\t\t\t<div class=\"elementor-container elementor-column-gap-default\">\n\t\t\t\t\t<div class=\"elementor-column elementor-col-33 elementor-top-column elementor-element elementor-element-f2e8d55\" data-id=\"f2e8d55\" data-element_type=\"column\" data-e-type=\"column\">\n\t\t\t<div class=\"elementor-widget-wrap elementor-element-populated\">\n\t\t\t\t\t\t<div class=\"elementor-element elementor-element-2a749c3 elementor-position-top elementor-widget elementor-widget-image-box\" data-id=\"2a749c3\" data-element_type=\"widget\" data-e-type=\"widget\" data-widget_type=\"image-box.default\">\n\t\t\t\t<div class=\"elementor-widget-container\">\n\t\t\t\t\t<div class=\"elementor-image-box-wrapper\"><figure class=\"elementor-image-box-img\"><a href=\"https:\/\/rehabartels-conjar.hr\/delta\/\" tabindex=\"-1\"><img fetchpriority=\"high\" decoding=\"async\" width=\"600\" height=\"600\" src=\"https:\/\/rehabartels-conjar.hr\/wp-content\/uploads\/2021\/07\/delta-sidebar.jpg\" class=\"attachment-full size-full wp-image-1942\" alt=\"\" srcset=\"https:\/\/rehabartels-conjar.hr\/wp-content\/uploads\/2021\/07\/delta-sidebar.jpg 600w, https:\/\/rehabartels-conjar.hr\/wp-content\/uploads\/2021\/07\/delta-sidebar-300x300.jpg 300w, https:\/\/rehabartels-conjar.hr\/wp-content\/uploads\/2021\/07\/delta-sidebar-150x150.jpg 150w, https:\/\/rehabartels-conjar.hr\/wp-content\/uploads\/2021\/07\/delta-sidebar-500x500.jpg 500w, https:\/\/rehabartels-conjar.hr\/wp-content\/uploads\/2021\/07\/delta-sidebar-100x100.jpg 100w\" sizes=\"(max-width: 600px) 100vw, 600px\" \/><\/a><\/figure><div class=\"elementor-image-box-content\"><h3 class=\"elementor-image-box-title\"><a href=\"https:\/\/rehabartels-conjar.hr\/delta\/\">Delta<\/a><\/h3><p class=\"elementor-image-box-description\">Platforma Delta savr\u0161eno je rje\u0161enje za ravna, unutarnja ili vanjska stubi\u0161ta.<\/p><\/div><\/div>\t\t\t\t<\/div>\n\t\t\t\t<\/div>\n\t\t\t\t\t<\/div>\n\t\t<\/div>\n\t\t\t\t<div class=\"elementor-column elementor-col-33 elementor-top-column elementor-element elementor-element-acce8e5\" data-id=\"acce8e5\" data-element_type=\"column\" data-e-type=\"column\">\n\t\t\t<div class=\"elementor-widget-wrap elementor-element-populated\">\n\t\t\t\t\t\t<div class=\"elementor-element elementor-element-1dc95f3 elementor-position-top elementor-widget elementor-widget-image-box\" data-id=\"1dc95f3\" data-element_type=\"widget\" data-e-type=\"widget\" data-widget_type=\"image-box.default\">\n\t\t\t\t<div class=\"elementor-widget-container\">\n\t\t\t\t\t<div class=\"elementor-image-box-wrapper\"><figure class=\"elementor-image-box-img\"><a href=\"https:\/\/rehabartels-conjar.hr\/omega\/\" tabindex=\"-1\"><img decoding=\"async\" width=\"600\" height=\"600\" src=\"https:\/\/rehabartels-conjar.hr\/wp-content\/uploads\/2021\/07\/omega-sidebar.jpg\" class=\"attachment-full size-full wp-image-1941\" alt=\"\" srcset=\"https:\/\/rehabartels-conjar.hr\/wp-content\/uploads\/2021\/07\/omega-sidebar.jpg 600w, https:\/\/rehabartels-conjar.hr\/wp-content\/uploads\/2021\/07\/omega-sidebar-300x300.jpg 300w, https:\/\/rehabartels-conjar.hr\/wp-content\/uploads\/2021\/07\/omega-sidebar-150x150.jpg 150w, https:\/\/rehabartels-conjar.hr\/wp-content\/uploads\/2021\/07\/omega-sidebar-500x500.jpg 500w, https:\/\/rehabartels-conjar.hr\/wp-content\/uploads\/2021\/07\/omega-sidebar-100x100.jpg 100w\" sizes=\"(max-width: 600px) 100vw, 600px\" \/><\/a><\/figure><div class=\"elementor-image-box-content\"><h3 class=\"elementor-image-box-title\"><a href=\"https:\/\/rehabartels-conjar.hr\/omega\/\">Omega<\/a><\/h3><p class=\"elementor-image-box-description\">Platforma Omega najsvestraniji je lift na tr\u017ei\u0161tu .<\/p><\/div><\/div>\t\t\t\t<\/div>\n\t\t\t\t<\/div>\n\t\t\t\t\t<\/div>\n\t\t<\/div>\n\t\t\t\t<div class=\"elementor-column elementor-col-33 elementor-top-column elementor-element elementor-element-efd3368\" data-id=\"efd3368\" data-element_type=\"column\" data-e-type=\"column\">\n\t\t\t<div class=\"elementor-widget-wrap elementor-element-populated\">\n\t\t\t\t\t\t<div class=\"elementor-element elementor-element-c95eaa8 elementor-position-top elementor-widget elementor-widget-image-box\" data-id=\"c95eaa8\" data-element_type=\"widget\" data-e-type=\"widget\" data-widget_type=\"image-box.default\">\n\t\t\t\t<div class=\"elementor-widget-container\">\n\t\t\t\t\t<div class=\"elementor-image-box-wrapper\"><figure class=\"elementor-image-box-img\"><a href=\"https:\/\/rehabartels-conjar.hr\/stratos\/\" tabindex=\"-1\"><img decoding=\"async\" width=\"600\" height=\"600\" src=\"https:\/\/rehabartels-conjar.hr\/wp-content\/uploads\/2021\/07\/stratos-sidebar.jpg\" class=\"attachment-full size-full wp-image-1943\" alt=\"\" srcset=\"https:\/\/rehabartels-conjar.hr\/wp-content\/uploads\/2021\/07\/stratos-sidebar.jpg 600w, https:\/\/rehabartels-conjar.hr\/wp-content\/uploads\/2021\/07\/stratos-sidebar-300x300.jpg 300w, https:\/\/rehabartels-conjar.hr\/wp-content\/uploads\/2021\/07\/stratos-sidebar-150x150.jpg 150w, https:\/\/rehabartels-conjar.hr\/wp-content\/uploads\/2021\/07\/stratos-sidebar-500x500.jpg 500w, https:\/\/rehabartels-conjar.hr\/wp-content\/uploads\/2021\/07\/stratos-sidebar-100x100.jpg 100w\" sizes=\"(max-width: 600px) 100vw, 600px\" \/><\/a><\/figure><div class=\"elementor-image-box-content\"><h3 class=\"elementor-image-box-title\"><a href=\"https:\/\/rehabartels-conjar.hr\/stratos\/\">Stratos<\/a><\/h3><p class=\"elementor-image-box-description\">Stratos je elegantna, zakriljena platforma namijenjena svim osoba s pote\u0161ko\u0107ama u kretanju.<\/p><\/div><\/div>\t\t\t\t<\/div>\n\t\t\t\t<\/div>\n\t\t\t\t\t<\/div>\n\t\t<\/div>\n\t\t\t\t\t<\/div>\n\t\t<\/section>\n\t\t\t\t<section class=\"elementor-section elementor-top-section elementor-element elementor-element-c2125e8 elementor-section-boxed elementor-section-height-default elementor-section-height-default\" data-id=\"c2125e8\" data-element_type=\"section\" data-e-type=\"section\" data-settings=\"{&quot;jet_parallax_layout_list&quot;:[{&quot;jet_parallax_layout_image&quot;:{&quot;url&quot;:&quot;&quot;,&quot;id&quot;:&quot;&quot;,&quot;size&quot;:&quot;&quot;},&quot;_id&quot;:&quot;ac3b29c&quot;,&quot;jet_parallax_layout_image_tablet&quot;:{&quot;url&quot;:&quot;&quot;,&quot;id&quot;:&quot;&quot;,&quot;size&quot;:&quot;&quot;},&quot;jet_parallax_layout_image_mobile&quot;:{&quot;url&quot;:&quot;&quot;,&quot;id&quot;:&quot;&quot;,&quot;size&quot;:&quot;&quot;},&quot;jet_parallax_layout_speed&quot;:{&quot;unit&quot;:&quot;%&quot;,&quot;size&quot;:50,&quot;sizes&quot;:[]},&quot;jet_parallax_layout_type&quot;:&quot;scroll&quot;,&quot;jet_parallax_layout_direction&quot;:null,&quot;jet_parallax_layout_fx_direction&quot;:null,&quot;jet_parallax_layout_z_index&quot;:&quot;&quot;,&quot;jet_parallax_layout_bg_x&quot;:50,&quot;jet_parallax_layout_bg_x_tablet&quot;:&quot;&quot;,&quot;jet_parallax_layout_bg_x_mobile&quot;:&quot;&quot;,&quot;jet_parallax_layout_bg_y&quot;:50,&quot;jet_parallax_layout_bg_y_tablet&quot;:&quot;&quot;,&quot;jet_parallax_layout_bg_y_mobile&quot;:&quot;&quot;,&quot;jet_parallax_layout_bg_size&quot;:&quot;auto&quot;,&quot;jet_parallax_layout_bg_size_tablet&quot;:&quot;&quot;,&quot;jet_parallax_layout_bg_size_mobile&quot;:&quot;&quot;,&quot;jet_parallax_layout_animation_prop&quot;:&quot;transform&quot;,&quot;jet_parallax_layout_on&quot;:[&quot;desktop&quot;,&quot;tablet&quot;]}]}\">\n\t\t\t\t\t\t<div class=\"elementor-container elementor-column-gap-default\">\n\t\t\t\t\t<div class=\"elementor-column elementor-col-33 elementor-top-column elementor-element elementor-element-201188d\" data-id=\"201188d\" data-element_type=\"column\" data-e-type=\"column\">\n\t\t\t<div class=\"elementor-widget-wrap elementor-element-populated\">\n\t\t\t\t\t\t<div class=\"elementor-element elementor-element-74dd8e5 elementor-position-top elementor-widget elementor-widget-image-box\" data-id=\"74dd8e5\" data-element_type=\"widget\" data-e-type=\"widget\" data-widget_type=\"image-box.default\">\n\t\t\t\t<div class=\"elementor-widget-container\">\n\t\t\t\t\t<div class=\"elementor-image-box-wrapper\"><figure class=\"elementor-image-box-img\"><a href=\"https:\/\/rehabartels-conjar.hr\/koso-podizne-platforme\/stratos-ng-a\/\" tabindex=\"-1\"><img loading=\"lazy\" decoding=\"async\" width=\"734\" height=\"734\" src=\"https:\/\/rehabartels-conjar.hr\/wp-content\/uploads\/2026\/04\/Screenshot-2026-04-22-152412.jpg\" class=\"attachment-full size-full wp-image-5076\" alt=\"\" srcset=\"https:\/\/rehabartels-conjar.hr\/wp-content\/uploads\/2026\/04\/Screenshot-2026-04-22-152412.jpg 734w, https:\/\/rehabartels-conjar.hr\/wp-content\/uploads\/2026\/04\/Screenshot-2026-04-22-152412-300x300.jpg 300w, https:\/\/rehabartels-conjar.hr\/wp-content\/uploads\/2026\/04\/Screenshot-2026-04-22-152412-150x150.jpg 150w, https:\/\/rehabartels-conjar.hr\/wp-content\/uploads\/2026\/04\/Screenshot-2026-04-22-152412-12x12.jpg 12w, https:\/\/rehabartels-conjar.hr\/wp-content\/uploads\/2026\/04\/Screenshot-2026-04-22-152412-500x500.jpg 500w\" sizes=\"(max-width: 734px) 100vw, 734px\" \/><\/a><\/figure><div class=\"elementor-image-box-content\"><h3 class=\"elementor-image-box-title\"><a href=\"https:\/\/rehabartels-conjar.hr\/koso-podizne-platforme\/stratos-ng-a\/\">Stratos NG\/A<\/a><\/h3><p class=\"elementor-image-box-description\">Platforma za stepenice koja pru\u017ea sigurno i univerzalno rje\u0161enje za pristup osobama s invaliditetom na svim vrstama stubi\u0161ta.<\/p><\/div><\/div>\t\t\t\t<\/div>\n\t\t\t\t<\/div>\n\t\t\t\t\t<\/div>\n\t\t<\/div>\n\t\t\t\t<div class=\"elementor-column elementor-col-33 elementor-top-column elementor-element elementor-element-ae84476\" data-id=\"ae84476\" data-element_type=\"column\" data-e-type=\"column\">\n\t\t\t<div class=\"elementor-widget-wrap\">\n\t\t\t\t\t\t\t<\/div>\n\t\t<\/div>\n\t\t\t\t<div class=\"elementor-column elementor-col-33 elementor-top-column elementor-element elementor-element-d798694\" data-id=\"d798694\" data-element_type=\"column\" data-e-type=\"column\">\n\t\t\t<div class=\"elementor-widget-wrap\">\n\t\t\t\t\t\t\t<\/div>\n\t\t<\/div>\n\t\t\t\t\t<\/div>\n\t\t<\/section>\n\t\t\t\t<\/div>\n\t\t","protected":false},"excerpt":{"rendered":"<p>Delta Platforma Delta savr\u0161eno je rje\u0161enje za ravna, unutarnja ili vanjska stubi\u0161ta. Omega Platforma Omega najsvestraniji je lift na tr\u017ei\u0161tu . Stratos Stratos je elegantna, zakriljena platforma namijenjena svim osoba s pote\u0161ko\u0107ama u kretanju. Stratos NG\/A Platforma za stepenice koja pru\u017ea sigurno i univerzalno rje\u0161enje za pristup osobama s invaliditetom na svim vrstama stubi\u0161ta.<\/p>","protected":false},"author":1,"featured_media":0,"parent":0,"menu_order":0,"comment_status":"closed","ping_status":"closed","template":"","meta":{"_acf_changed":false,"_exactmetrics_skip_tracking":false,"_exactmetrics_sitenote_active":false,"_exactmetrics_sitenote_note":"","_exactmetrics_sitenote_category":0,"footnotes":""},"class_list":["post-2241","page","type-page","status-publish","hentry"],"acf":[],"aioseo_notices":[],"_links":{"self":[{"href":"https:\/\/rehabartels-conjar.hr\/en\/wp-json\/wp\/v2\/pages\/2241","targetHints":{"allow":["GET"]}}],"collection":[{"href":"https:\/\/rehabartels-conjar.hr\/en\/wp-json\/wp\/v2\/pages"}],"about":[{"href":"https:\/\/rehabartels-conjar.hr\/en\/wp-json\/wp\/v2\/types\/page"}],"author":[{"embeddable":true,"href":"https:\/\/rehabartels-conjar.hr\/en\/wp-json\/wp\/v2\/users\/1"}],"replies":[{"embeddable":true,"href":"https:\/\/rehabartels-conjar.hr\/en\/wp-json\/wp\/v2\/comments?post=2241"}],"version-history":[{"count":16,"href":"https:\/\/rehabartels-conjar.hr\/en\/wp-json\/wp\/v2\/pages\/2241\/revisions"}],"predecessor-version":[{"id":5104,"href":"https:\/\/rehabartels-conjar.hr\/en\/wp-json\/wp\/v2\/pages\/2241\/revisions\/5104"}],"wp:attachment":[{"href":"https:\/\/rehabartels-conjar.hr\/en\/wp-json\/wp\/v2\/media?parent=2241"}],"curies":[{"name":"wp","href":"https:\/\/api.w.org\/{rel}","templated":true}]}}